{"id":21232,"date":"2026-01-26T09:49:32","date_gmt":"2026-01-26T09:49:32","guid":{"rendered":"https:\/\/brunboisdechauffage.at\/?post_type=product&#038;p=21232"},"modified":"2026-01-26T09:49:37","modified_gmt":"2026-01-26T09:49:37","slug":"briketts-kaufen-holzbriketts-buche-eiche-hartholz-300kg-gesamtgewicht-30-packungen-a-10kg-ruf-briketts-155x65mm-fur-ofen-kamin-hohe-energiedichte-lange-brenndauer-ohne-chemische-zusatze-19","status":"publish","type":"product","link":"https:\/\/brunboisdechauffage.at\/de\/product\/briketts-kaufen-holzbriketts-buche-eiche-hartholz-300kg-gesamtgewicht-30-packungen-a-10kg-ruf-briketts-155x65mm-fur-ofen-kamin-hohe-energiedichte-lange-brenndauer-ohne-chemische-zusatze-19\/","title":{"rendered":"briketts.kaufen Holzbriketts, Buche-Eiche Hartholz, 300kg Gesamtgewicht, 30 Packungen \u00e0 10kg, RUF Briketts 155x65mm, f\u00fcr Ofen &#038; Kamin, hohe Energiedichte, lange Brenndauer, ohne chemische Zus\u00e4tze, 19 MJ\/kg, 0.6% Asche"},"content":{"rendered":"<h2 class=\"pdp-expandable-section__title\">Produktbeschreibung &amp; Produktdaten<\/h2>\n<div class=\"pdp-expandable-section__content\">\n<div class=\"pdp-product-description__grid\">\n<div class=\"pdp-product-description__section\" role=\"region\" aria-label=\"Produktinformationen\">\n<div>\n<div>\n<p><strong>30kg Buche &amp; Eiche Hartholz-Briketts in RUF\u00ae* Form 155 x 65 mm<\/strong>Holzbriketts stellen eine hervorragende Alternative zu herk\u00f6mmlichen Brennstoffen wie Scheitholz oder Braunkohle dar und sind einfach zu verwenden.<\/p>\n<p>Die Produktion erfolgt aus getrockneten Hartholz-S\u00e4gesp\u00e4nen mittels spezieller Brikettiermaschinen unter tonnenschweren Druck. Das holzeigene Lignin erm\u00f6glicht dabei eine Produktion ohne weitere chemische Zus\u00e4tze. So entsteht ein kompakter und effizienter Brennstoff.<\/p>\n<p>Die Form der Holzbriketts erlaubt eine effektive und platzsparende Aufbewahrung, wordurch diese Ideal in trockenen Innenr\u00e4umen gelagert werden k\u00f6nnen.<\/p>\n<ul>\n<li>Holzbriketts besitzen eine hohe Energiedichte und entwickeln die W\u00e4rme schnell und gleichm\u00e4ssig<\/li>\n<li>In der Regel bieten Holzbriketts eine h\u00f6here Brenndauer bzw. halten die Glut l\u00e4nger als normale Holzscheite<\/li>\n<li>Die Form der Briketts erm\u00f6glicht eine optimale Luftzufuhr<\/li>\n<li>Durch die Quaderform lassen sich unsere Holzbriketts bequem und platzsparend lagern<\/li>\n<\/ul>\n<\/div>\n<div>\n<p><strong>Produktdetails<\/strong><\/p>\n<ul>\n<li>Heizwert : 19 MJ\/kg<\/li>\n<li>Restfeuchte : 5,5 %<\/li>\n<li>Aschegehalt : 0,6%<\/li>\n<li>Form : RUF\u00ae* 155 x 65 mm<\/li>\n<li>Rohstoff : Holz<\/li>\n<li>Holzarten : Buche, Eiche<br \/>\n* RUF\u00ae ist eine eingetragene Marke der Ruf Maschinenbau GmbH &amp; Co. KG, 86874 Zaisertshofen.<\/li>\n<\/ul>\n<\/div>\n<\/div>\n<\/div>\n<div>\n<section aria-label=\"Produktdaten\">\n<div class=\"pdp-attribute-list__item\">\n<div class=\"pdp-attribute-list__value\" data-test-item_text=\"4066604999733\">\n<div class=\"rd-attribute-list__item-text\">\n<div><\/div>\n<\/div>\n<\/div>\n<\/div>\n<\/section>\n<\/div>\n<\/div>\n<\/div>","protected":false},"excerpt":{"rendered":"<div class=\"pdp-product-description__section\" role=\"region\" aria-label=\"Produktinformationen\">\n<div>\n<div>\n<p><strong>Lieferumfang<\/strong><\/p>\n<ul>\n<li>30 x 10kg Packungen Hartholz-Briketts<\/li>\n<\/ul>\n<\/div>\n<\/div>\n<\/div>\n<div>\n<section aria-label=\"Produktdaten\">\n<div class=\"pdp-attribute-list__item\">\n<p>Gewicht<\/p>\n<div class=\"pdp-attribute-list__value\" data-test-item_text=\"300 kg\">\n<div class=\"rd-attribute-list__item-text\">\n<div>300 kg<\/div>\n<\/div>\n<\/div>\n<\/div>\n<div class=\"pdp-attribute-list__item\">\n<p>Grundpreiseinheit<\/p>\n<div class=\"pdp-attribute-list__value\" data-test-item_text=\"kg\">\n<div class=\"rd-attribute-list__item-text\">\n<div>kg<\/div>\n<\/div>\n<\/div>\n<\/div>\n<div class=\"pdp-attribute-list__item\">\n<p>Hersteller<\/p>\n<div class=\"pdp-attribute-list__value\" data-test-item_text=\"briketts.kaufen\">\n<div>briketts.kaufen<\/div>\n<\/div>\n<\/div>\n<div class=\"pdp-attribute-list__item\">\n<p>Brennholz-Art<\/p>\n<div class=\"pdp-attribute-list__value\" data-test-item_text=\"Briketts\">\n<div>Briketts<\/div>\n<\/div>\n<\/div>\n<div class=\"pdp-attribute-list__item\">\n<p>Herstellernummer<\/p>\n<div class=\"pdp-attribute-list__value\" data-test-item_text=\"HB999733\">\n<div class=\"rd-attribute-list__item-text\">\n<div>HB999733<\/div>\n<\/div>\n<\/div>\n<\/div>\n<div class=\"pdp-attribute-list__item\">\n<p>EAN<\/p>\n<div class=\"pdp-attribute-list__value\" data-test-item_text=\"4066604999733\">\n<div class=\"rd-attribute-list__item-text\">\n<div>4066604999733<\/div>\n<\/div>\n<\/div>\n<\/div>\n<\/section>\n<\/div>","protected":false},"featured_media":21242,"comment_status":"open","ping_status":"closed","template":"","meta":[],"product_brand":[],"product_cat":[231],"product_tag":[],"class_list":{"0":"post-21232","1":"product","2":"type-product","3":"status-publish","4":"has-post-thumbnail","6":"product_cat-brennholz","8":"first","9":"instock","10":"taxable","11":"shipping-taxable","12":"purchasable","13":"product-type-simple"},"_links":{"self":[{"href":"https:\/\/brunboisdechauffage.at\/de\/wp-json\/wp\/v2\/product\/21232","targetHints":{"allow":["GET"]}}],"collection":[{"href":"https:\/\/brunboisdechauffage.at\/de\/wp-json\/wp\/v2\/product"}],"about":[{"href":"https:\/\/brunboisdechauffage.at\/de\/wp-json\/wp\/v2\/types\/product"}],"replies":[{"embeddable":true,"href":"https:\/\/brunboisdechauffage.at\/de\/wp-json\/wp\/v2\/comments?post=21232"}],"wp:featuredmedia":[{"embeddable":true,"href":"https:\/\/brunboisdechauffage.at\/de\/wp-json\/wp\/v2\/media\/21242"}],"wp:attachment":[{"href":"https:\/\/brunboisdechauffage.at\/de\/wp-json\/wp\/v2\/media?parent=21232"}],"wp:term":[{"taxonomy":"product_brand","embeddable":true,"href":"https:\/\/brunboisdechauffage.at\/de\/wp-json\/wp\/v2\/product_brand?post=21232"},{"taxonomy":"product_cat","embeddable":true,"href":"https:\/\/brunboisdechauffage.at\/de\/wp-json\/wp\/v2\/product_cat?post=21232"},{"taxonomy":"product_tag","embeddable":true,"href":"https:\/\/brunboisdechauffage.at\/de\/wp-json\/wp\/v2\/product_tag?post=21232"}],"curies":[{"name":"wp","href":"https:\/\/api.w.org\/{rel}","templated":true}]}}