{"id":21227,"date":"2026-01-26T09:49:32","date_gmt":"2026-01-26T09:49:32","guid":{"rendered":"https:\/\/brunboisdechauffage.at\/?post_type=product&#038;p=21227"},"modified":"2026-03-21T13:42:24","modified_gmt":"2026-03-21T13:42:24","slug":"kaminholz-brennholz-birke-2-rm-30-33-cm-holzlange-920-kg-ofenfertig-getrocknet-gespalten-feuerholz","status":"publish","type":"product","link":"https:\/\/brunboisdechauffage.at\/de\/product\/kaminholz-brennholz-birke-2-rm-30-33-cm-holzlange-920-kg-ofenfertig-getrocknet-gespalten-feuerholz\/","title":{"rendered":"Kaminholz Brennholz Birke 2 Rm | 30-33 cm Holzl\u00e4nge, 920 kg| ofenfertig getrocknet &#038; gespalten | Feuerholz"},"content":{"rendered":"<h2 class=\"pdp-expandable-section__title\">Produktbeschreibung &amp; Produktdaten<\/h2>\n<div class=\"pdp-expandable-section__content\">\n<div class=\"pdp-product-description__grid\">\n<div class=\"pdp-product-description__section\" role=\"region\" aria-label=\"Produktinformationen\">\n<div>\n<p><u><strong>Produkteigenschaften<\/strong><\/u>:<\/p>\n<ul>\n<li>Sofort einsatzbereit<\/li>\n<li>Trocken und ofenfertig<\/li>\n<li>Kein spalten n\u00f6tig<\/li>\n<li>Hartholz- ca 2000 KWH\/ Rm; 30-33 cm Holzscheite; 2 Rm \/ 920 KG<\/li>\n<li>Reines Birkenholz<\/li>\n<\/ul>\n<p>Das hochwertige Birkenholz k<strong>ann sofort in den Ofen gelegt werde<\/strong>n. Das Feuerholz hat eine\u00a0<strong>ideale Restfeuchte<\/strong>\u00a0von ca. 18% und hat somit die besten Brenneigenschaften. Sie brauchen das Birkenholz nicht mehr spalten \u2013 das erspart viel Kraft &amp; Arbeit. Das Kaminholz k\u00f6nnen Sie immer direkt nachlegen.<\/p>\n<p><strong>Die L\u00e4nge der trockenen Holzscheite ist ca. 30-33 cm<\/strong>\u00a0und ist somit optimal f\u00fcr alle Feuerst\u00e4tten wie Kachel\u00f6fen, kleinen Werkstatt\u00f6fen (Schweden\u00f6fen) und Befeuerungsanlagen. Birkeholz eignet sich &#8211; aufgrund seiner hohen Rohdichte und einem\u00a0<strong>Brennwert von etwa 2.000 kWh pro Raummeter<\/strong>\u00a0&#8211; optimal um die R\u00e4ume z\u00fcgig aufzuheizen.<\/p>\n<p>Das 30-33 cm lange Feuerholz ist\u00a0<strong>gespalten<\/strong>\u00a0und wird auf einer praktischen Palette geliefert \u2013\u00a0<strong>optimal f\u00fcr eine gute und platzsparende Lagerung.<\/strong><\/p>\n<\/div>\n<\/div>\n<div>\n<section aria-label=\"Produktdaten\">\n<div class=\"pdp-attribute-list__item\">\n<div class=\"pdp-attribute-list__value\" data-test-item_text=\"4250678212410\">\n<div class=\"rd-attribute-list__item-text\">\n<div><\/div>\n<\/div>\n<\/div>\n<\/div>\n<\/section>\n<\/div>\n<\/div>\n<\/div>","protected":false},"excerpt":{"rendered":"<div class=\"pdp-attribute-list__item\">\n<p>Hersteller<\/p>\n<div class=\"pdp-attribute-list__value\" data-test-item_text=\"Hypafol\">\n<div>Hypafol<\/div>\n<\/div>\n<\/div>\n<div class=\"pdp-attribute-list__item\">\n<p>Brennholz-Art<\/p>\n<div class=\"pdp-attribute-list__value\" data-test-item_text=\"Holzscheite\">\n<div>Holzscheite<\/div>\n<\/div>\n<\/div>\n<div class=\"pdp-attribute-list__item\">\n<p>Gewicht<\/p>\n<div class=\"pdp-attribute-list__value\" data-test-item_text=\"920 kg\">\n<div class=\"rd-attribute-list__item-text\">\n<div>920 kg<\/div>\n<\/div>\n<\/div>\n<\/div>\n<div class=\"pdp-attribute-list__item\">\n<p>Grundpreiseinheit<\/p>\n<div class=\"pdp-attribute-list__value\" data-test-item_text=\"kg\">\n<div class=\"rd-attribute-list__item-text\">\n<div>kg<\/div>\n<\/div>\n<\/div>\n<\/div>\n<div class=\"pdp-attribute-list__item\">\n<p>Herstellernummer<\/p>\n<div class=\"pdp-attribute-list__value\" data-test-item_text=\"66222\">\n<div class=\"rd-attribute-list__item-text\">\n<div>66222<\/div>\n<\/div>\n<\/div>\n<\/div>\n<div class=\"pdp-attribute-list__item\">\n<p>EAN<\/p>\n<div class=\"pdp-attribute-list__value\" data-test-item_text=\"4250678212410\">\n<div class=\"rd-attribute-list__item-text\">\n<div>4250678212410<\/div>\n<\/div>\n<\/div>\n<\/div>","protected":false},"featured_media":21237,"comment_status":"open","ping_status":"closed","template":"","meta":[],"product_brand":[],"product_cat":[231],"product_tag":[],"class_list":{"0":"post-21227","1":"product","2":"type-product","3":"status-publish","4":"has-post-thumbnail","6":"product_cat-brennholz","8":"first","9":"instock","10":"taxable","11":"shipping-taxable","12":"purchasable","13":"product-type-simple"},"_links":{"self":[{"href":"https:\/\/brunboisdechauffage.at\/de\/wp-json\/wp\/v2\/product\/21227","targetHints":{"allow":["GET"]}}],"collection":[{"href":"https:\/\/brunboisdechauffage.at\/de\/wp-json\/wp\/v2\/product"}],"about":[{"href":"https:\/\/brunboisdechauffage.at\/de\/wp-json\/wp\/v2\/types\/product"}],"replies":[{"embeddable":true,"href":"https:\/\/brunboisdechauffage.at\/de\/wp-json\/wp\/v2\/comments?post=21227"}],"wp:featuredmedia":[{"embeddable":true,"href":"https:\/\/brunboisdechauffage.at\/de\/wp-json\/wp\/v2\/media\/21237"}],"wp:attachment":[{"href":"https:\/\/brunboisdechauffage.at\/de\/wp-json\/wp\/v2\/media?parent=21227"}],"wp:term":[{"taxonomy":"product_brand","embeddable":true,"href":"https:\/\/brunboisdechauffage.at\/de\/wp-json\/wp\/v2\/product_brand?post=21227"},{"taxonomy":"product_cat","embeddable":true,"href":"https:\/\/brunboisdechauffage.at\/de\/wp-json\/wp\/v2\/product_cat?post=21227"},{"taxonomy":"product_tag","embeddable":true,"href":"https:\/\/brunboisdechauffage.at\/de\/wp-json\/wp\/v2\/product_tag?post=21227"}],"curies":[{"name":"wp","href":"https:\/\/api.w.org\/{rel}","templated":true}]}}