{"id":21223,"date":"2026-01-26T09:49:31","date_gmt":"2026-01-26T09:49:31","guid":{"rendered":"https:\/\/brunboisdechauffage.at\/?post_type=product&#038;p=21223"},"modified":"2026-03-21T13:42:19","modified_gmt":"2026-03-21T13:42:19","slug":"300kg-palette-premium-torf-briketts-aus-de-vergleichbar-kohle-briketts-ofen-kamin-heizen","status":"publish","type":"product","link":"https:\/\/brunboisdechauffage.at\/de\/product\/300kg-palette-premium-torf-briketts-aus-de-vergleichbar-kohle-briketts-ofen-kamin-heizen\/","title":{"rendered":"300KG Palette Premium Torf Briketts aus DE. Vergleichbar Kohle Briketts Ofen Kamin Heizen"},"content":{"rendered":"<h2 class=\"pdp-expandable-section__title\">Produktbeschreibung &amp; Produktdaten<\/h2>\n<div class=\"pdp-expandable-section__content pdp-expandable-section__content--collapsed\">\n<div class=\"pdp-product-description__grid\">\n<div class=\"pdp-product-description__section\" role=\"region\" aria-label=\"Produktinformationen\">\n<div>\n<p><strong>Feuerpracht Premium Torfbriketts<\/strong><\/p>\n<p>&nbsp;<\/p>\n<p>&nbsp;<\/p>\n<ul>\n<li>Beste Qualit\u00e4t: Hochwertige Pressung und Entfeuchtung<\/li>\n<li>Regional DE: Rohstoff und Produktion aus Ostfriesland<\/li>\n<li>H\u00f6chster Brennwert: min. 16.9 MJ\/Kg<\/li>\n<li>Geringste Restfeuchte: &lt; 13% durch Profi Entfeuchtung<\/li>\n<li>Niedrigster Aschegehalt: &lt; 5% durch beste Rohstoffe ohne Fremdstoffe<\/li>\n<li>Vergleichbar mit Holz- und Kohlebriketts: Deutlich Energiereicher als Feuerholz<\/li>\n<\/ul>\n<p>&nbsp;<\/p>\n<p>Unsere Produktion erfolgt ausschlie\u00dflich in Deutschland.<\/p>\n<p>&nbsp;<\/p>\n<p>Feuerpracht Torfbriketts sind die perfekte Wahl f\u00fcr alle, die eine lange Brenndauer mit gro\u00dfer W\u00e4rmeabgabe w\u00fcnschen. Unsere Torfbriketts werden unter hohen Qualit\u00e4tsstandards und aus bestem Torf aus regionalen Bezugsquellen, ohne Zugabe von Bindestoffen hergestellt.<\/p>\n<p>Hierdurch werden sowohl bei dem Heizwert, der Restfeuchte und dem Aschegehalt Top-Werte erreicht.<\/p>\n<p>&nbsp;<\/p>\n<p><strong>Bitte vergleichen Sie die Angaben und Qualit\u00e4tsmerkmale auf dem Markt!<\/strong><\/p>\n<p>&nbsp;<\/p>\n<p>Einige andere Hersteller und Verk\u00e4ufer lassen ihre Torfbriketts z.B. in Wei\u00dfrussland produzieren, bitte erkundigen Sie sich nach dem Herkunftsland der Produkte.<\/p>\n<p>Diese Briketts weisen oft einen niedrigeren Trocknungswert und einen geringeren H\u00e4rtegrad auf, Sie sind somit br\u00fcchiger. Weiterhin f\u00e4llt bei diesen Produkten h\u00e4ufig im Vergleich mehr Asche an und der Heizwert ist geringer.<\/p>\n<p>Unsere Torfbriketts sind die preiswerte Alternative zu Kohlebriketts. Die Briketts sind aus heimischer Produktion aus Ostfriesland.<\/p>\n<p>Brennwert vergleichbar mit dem Brennwert von Braunkohlebrikettes und Holzbriketts. Raucharm und langanhaltendes Glutbild. Dauerhafte Abgabe der W\u00e4rmeenergie im Ofen.<\/p>\n<p>&nbsp;<\/p>\n<p>Brennstoff-Typ &#8211; Heizwert in kWh<\/p>\n<p>SG Torfbriketts &#8211; 4,7\/kg<\/p>\n<p>Braunkohlebriketts &#8211; 5,28\/kg<\/p>\n<p>Scheitholzgemisch &#8211; 3,99\/kg<\/p>\n<p>(Tabellendaten Quelle: Rekord Lausitz Energie Bergbau AG)<\/p>\n<p>&nbsp;<\/p>\n<p>&nbsp;<\/p>\n<p>Heizwert: ca. 4,7kWh \/ kg Restfeuchte: &lt; 13% Aschegehalt. &lt; 5% H\u00e4rte: &gt; 96%<\/p>\n<p>&nbsp;<\/p>\n<\/div>\n<\/div>\n<div>\n<section aria-label=\"Produktdaten\">\n<div class=\"pdp-attribute-list__item\">\n<div class=\"pdp-attribute-list__value\" data-test-item_text=\"4751011790348\">\n<div class=\"rd-attribute-list__item-text\">\n<div><\/div>\n<\/div>\n<\/div>\n<\/div>\n<\/section>\n<\/div>\n<\/div>\n<\/div>","protected":false},"excerpt":{"rendered":"<div class=\"pdp-product-description__section\" role=\"region\" aria-label=\"Produktinformationen\">\n<div>\n<p>Hinweis:<\/p>\n<p>Bitte beachten Sie, dass Sie vor dem Kauf von Briketts jeglicher Art Ihre Feuerst\u00e4tte auf Eignung f\u00fcr Brikett-Brennstoffe pr\u00fcfen. Sollten Sie spezielle Anforderungen an Standort oder Fragen zu Ihrem Kamin \/ Ofen haben, empfehlen wir Ihnen den Kontakt zum zust\u00e4ndigen Schornsteinfeger.<\/p>\n<\/div>\n<\/div>\n<div>\n<section aria-label=\"Produktdaten\">\n<div class=\"pdp-attribute-list__item\">\n<p>Hersteller<\/p>\n<div class=\"pdp-attribute-list__value\" data-test-item_text=\"KUDRAS\">\n<div>KUDRAS<\/div>\n<\/div>\n<\/div>\n<div class=\"pdp-attribute-list__item\">\n<p>Gewicht<\/p>\n<div class=\"pdp-attribute-list__value\" data-test-item_text=\"300 kg\">\n<div class=\"rd-attribute-list__item-text\">\n<div>300 kg<\/div>\n<\/div>\n<\/div>\n<\/div>\n<div class=\"pdp-attribute-list__item\">\n<p>Brennholz-Art<\/p>\n<div class=\"pdp-attribute-list__value\" data-test-item_text=\"Briketts\">\n<div>Briketts<\/div>\n<\/div>\n<\/div>\n<div class=\"pdp-attribute-list__item\">\n<p>Herstellernummer<\/p>\n<div class=\"pdp-attribute-list__value\" data-test-item_text=\"20011-HP\">\n<div class=\"rd-attribute-list__item-text\">\n<div>20011-HP<\/div>\n<\/div>\n<\/div>\n<\/div>\n<div class=\"pdp-attribute-list__item\">\n<p>EAN<\/p>\n<div class=\"pdp-attribute-list__value\" data-test-item_text=\"4751011790348\">\n<div class=\"rd-attribute-list__item-text\">\n<div>4751011790348<\/div>\n<\/div>\n<\/div>\n<\/div>\n<\/section>\n<\/div>","protected":false},"featured_media":21233,"comment_status":"open","ping_status":"closed","template":"","meta":[],"product_brand":[],"product_cat":[231],"product_tag":[],"class_list":{"0":"post-21223","1":"product","2":"type-product","3":"status-publish","4":"has-post-thumbnail","6":"product_cat-brennholz","8":"first","9":"instock","10":"taxable","11":"shipping-taxable","12":"purchasable","13":"product-type-simple"},"_links":{"self":[{"href":"https:\/\/brunboisdechauffage.at\/de\/wp-json\/wp\/v2\/product\/21223","targetHints":{"allow":["GET"]}}],"collection":[{"href":"https:\/\/brunboisdechauffage.at\/de\/wp-json\/wp\/v2\/product"}],"about":[{"href":"https:\/\/brunboisdechauffage.at\/de\/wp-json\/wp\/v2\/types\/product"}],"replies":[{"embeddable":true,"href":"https:\/\/brunboisdechauffage.at\/de\/wp-json\/wp\/v2\/comments?post=21223"}],"wp:featuredmedia":[{"embeddable":true,"href":"https:\/\/brunboisdechauffage.at\/de\/wp-json\/wp\/v2\/media\/21233"}],"wp:attachment":[{"href":"https:\/\/brunboisdechauffage.at\/de\/wp-json\/wp\/v2\/media?parent=21223"}],"wp:term":[{"taxonomy":"product_brand","embeddable":true,"href":"https:\/\/brunboisdechauffage.at\/de\/wp-json\/wp\/v2\/product_brand?post=21223"},{"taxonomy":"product_cat","embeddable":true,"href":"https:\/\/brunboisdechauffage.at\/de\/wp-json\/wp\/v2\/product_cat?post=21223"},{"taxonomy":"product_tag","embeddable":true,"href":"https:\/\/brunboisdechauffage.at\/de\/wp-json\/wp\/v2\/product_tag?post=21223"}],"curies":[{"name":"wp","href":"https:\/\/api.w.org\/{rel}","templated":true}]}}