{"id":21190,"date":"2026-01-26T09:49:25","date_gmt":"2026-01-26T09:49:25","guid":{"rendered":"https:\/\/brunboisdechauffage.at\/?post_type=product&#038;p=21190"},"modified":"2026-01-26T09:49:30","modified_gmt":"2026-01-26T09:49:30","slug":"bernardo-ebs-150-gc-metallbandsage","status":"publish","type":"product","link":"https:\/\/brunboisdechauffage.at\/de\/product\/bernardo-ebs-150-gc-metallbandsage\/","title":{"rendered":"Bernardo EBS 150 GC Metallbands\u00e4ge"},"content":{"rendered":"<p>&nbsp;<\/p>\n<p>Die Bernardo Bands\u00e4ge wird mit Bands\u00e4geblatt, Schnellspannsystem, Maschinenst\u00e4nder und K\u00fchlaggregat geliefert. Technische Daten der EBS150GC:<\/p>\n<p>Rundschnittleistung bei 90\u00b0: 140 mm<br \/>\nFlachschnittleistung bei 90\u00b0: 150 x 140 mm<br \/>\nRundschnittleistung bei 45\u00b0: 100 mm<br \/>\nFlachschnittleistung bei 45\u00b0: 120 x 100 mm<br \/>\nRundschnittleistung bei 60\u00b0: 70 mm<br \/>\nArbeitsh\u00f6he: 845 mm<br \/>\nBands\u00e4geblattabmessungen: 1735 x 13 x 0,65 mm<br \/>\nSchnittgeschwindigkeit: 34 m\/min<br \/>\nS1-Motorleistung 100 %: 0,55 kW<br \/>\nS6-Motorleistung 40 %: 0,75 kW<br \/>\nSpannung: 230 V<br \/>\nMaschinenabmessungen (B x T x H): 1000 x 880 x 1550 mm<br \/>\nGewicht: ca. : 92 kg<\/p>\n<p>&nbsp;<\/p>","protected":false},"excerpt":{"rendered":"<p>Der B\u00fcgel dieser Maschine l\u00e4sst sich f\u00fcr ungehindertes Arbeiten an langen Werkst\u00fccken um bis zu 60 % neigen.<br \/>\nDie Vorteile der EBS150GC:<\/p>\n<p>Der formstabile B\u00fcgel aus Grauguss garantiert hohe Schnittpr\u00e4zision<br \/>\nOptimale Schnittergebnisse dank gelagerter S\u00e4geblattf\u00fchrung<br \/>\nOptimales Preis-Leistungs-Verh\u00e4ltnis, ideal f\u00fcr anspruchsvolle Heimwerker<br \/>\nMit Anschlag f\u00fcr effizientes Arbeiten<br \/>\nAutomatische Endabschaltung<br \/>\nSerienm\u00e4\u00dfig mit Untergestell und K\u00fchlmitteleinrichtung<\/p>","protected":false},"featured_media":21220,"comment_status":"open","ping_status":"closed","template":"","meta":[],"product_brand":[],"product_cat":[234],"product_tag":[],"class_list":{"0":"post-21190","1":"product","2":"type-product","3":"status-publish","4":"has-post-thumbnail","6":"product_cat-maschinen","8":"first","9":"instock","10":"taxable","11":"shipping-taxable","12":"purchasable","13":"product-type-simple"},"_links":{"self":[{"href":"https:\/\/brunboisdechauffage.at\/de\/wp-json\/wp\/v2\/product\/21190","targetHints":{"allow":["GET"]}}],"collection":[{"href":"https:\/\/brunboisdechauffage.at\/de\/wp-json\/wp\/v2\/product"}],"about":[{"href":"https:\/\/brunboisdechauffage.at\/de\/wp-json\/wp\/v2\/types\/product"}],"replies":[{"embeddable":true,"href":"https:\/\/brunboisdechauffage.at\/de\/wp-json\/wp\/v2\/comments?post=21190"}],"wp:featuredmedia":[{"embeddable":true,"href":"https:\/\/brunboisdechauffage.at\/de\/wp-json\/wp\/v2\/media\/21220"}],"wp:attachment":[{"href":"https:\/\/brunboisdechauffage.at\/de\/wp-json\/wp\/v2\/media?parent=21190"}],"wp:term":[{"taxonomy":"product_brand","embeddable":true,"href":"https:\/\/brunboisdechauffage.at\/de\/wp-json\/wp\/v2\/product_brand?post=21190"},{"taxonomy":"product_cat","embeddable":true,"href":"https:\/\/brunboisdechauffage.at\/de\/wp-json\/wp\/v2\/product_cat?post=21190"},{"taxonomy":"product_tag","embeddable":true,"href":"https:\/\/brunboisdechauffage.at\/de\/wp-json\/wp\/v2\/product_tag?post=21190"}],"curies":[{"name":"wp","href":"https:\/\/api.w.org\/{rel}","templated":true}]}}