{"id":21189,"date":"2026-01-26T09:49:25","date_gmt":"2026-01-26T09:49:25","guid":{"rendered":"https:\/\/brunboisdechauffage.at\/?post_type=product&#038;p=21189"},"modified":"2026-01-26T09:49:30","modified_gmt":"2026-01-26T09:49:30","slug":"holzmann-ed400fd-elektronische-metalldrehmaschine","status":"publish","type":"product","link":"https:\/\/brunboisdechauffage.at\/de\/product\/holzmann-ed400fd-elektronische-metalldrehmaschine\/","title":{"rendered":"HOLZMANN ED400FD Elektronische Metalldrehmaschine"},"content":{"rendered":"<p>&nbsp;<\/p>\n<p>Technische Daten:<\/p>\n<p>Leistung: 600 W \u2013 230 V<br \/>\nDrehzahl: 50 \u2013 2500 U\/min<br \/>\nSpitzenweite: 400 mm<br \/>\nMaximaler Durchmesser \u00fcber dem Schlitten: 210 mm<br \/>\nMaximaler Durchmesser unter dem gebrochenen Bett: 110 mm<br \/>\nBettbreite: 100 mm<br \/>\nSpindelbohrung: 21 mm<br \/>\nSpindelaufnahme: MK3<br \/>\nReitstock-Morsekonus: MK2<br \/>\nReitstockhub: 55 mm<br \/>\nMetrische Gewinde: 0,5 \u2013 3 mm<br \/>\nZollgewinde: 8 \u2013 44 TPI<br \/>\nPlanschlittenhub: 80 mm<br \/>\nSchlittenhub: 290 mm<br \/>\nNetto-\/Bruttogewicht: 65\/70 kg<br \/>\nMaschinenabmessungen: 950 x 390 x 350 mm<\/p>\n<p>Die Holzmann ED400FD ist eine Metalldrehmaschine mit einem Durchmesser von 100 mm. Lieferumfang:<\/p>\n<p>3-Backenfutter, \u00d8 100 mm<br \/>\n4-fach Revolver<br \/>\nMK3 Reitstock<br \/>\nMK2 Reitstock<br \/>\nSpannfutterschutz<br \/>\nSp\u00e4newanne<br \/>\nDrehzahlwechsler<br \/>\nSchraubenschl\u00fcssel<\/p>\n<p>Vorteile der Holzmann ED400FD Drehmaschine:<\/p>\n<p>&nbsp;<\/p>","protected":false},"excerpt":{"rendered":"<p>Digitale Drehzahlanzeige<br \/>\nVariable Drehzahl<br \/>\nPrismatisches Bett aus Grauguss, induktionsgeh\u00e4rtet und pr\u00e4zisionsgeschliffen<br \/>\nGeh\u00e4rtete Spindel mit einstellbaren Kegellagern<br \/>\nSpindelnase mit einer Genauigkeit von weniger als 0,009 mm f\u00fcr maximale Drehpr\u00e4zision<br \/>\nStufenlos einstellbare Drehzahl, die Drehzahl ist leicht auf der Digitalanzeige abzulesen<br \/>\nAusgestattet mit einer Drehzahl\u00e4nderung f\u00fcr einen gro\u00dfen Arbeitsbereich<br \/>\nDie F\u00fchrungen sind individuell einstellbar und ein V-Keil sorgt f\u00fcr langj\u00e4hrige Pr\u00e4zision<br \/>\nLeistungsstarker, wartungsfreier Motor mit Ausl\u00f6setaste<br \/>\nKontinuierliche Kraft\u00fcbertragung<br \/>\nDer Reitstock ist f\u00fcr Kegeldrehen einstellbar<br \/>\nLinks-\/Rechtslauf (CW\/CCW)<\/p>","protected":false},"featured_media":21219,"comment_status":"open","ping_status":"closed","template":"","meta":[],"product_brand":[],"product_cat":[234],"product_tag":[],"class_list":{"0":"post-21189","1":"product","2":"type-product","3":"status-publish","4":"has-post-thumbnail","6":"product_cat-maschinen","8":"first","9":"instock","10":"taxable","11":"shipping-taxable","12":"purchasable","13":"product-type-simple"},"_links":{"self":[{"href":"https:\/\/brunboisdechauffage.at\/de\/wp-json\/wp\/v2\/product\/21189","targetHints":{"allow":["GET"]}}],"collection":[{"href":"https:\/\/brunboisdechauffage.at\/de\/wp-json\/wp\/v2\/product"}],"about":[{"href":"https:\/\/brunboisdechauffage.at\/de\/wp-json\/wp\/v2\/types\/product"}],"replies":[{"embeddable":true,"href":"https:\/\/brunboisdechauffage.at\/de\/wp-json\/wp\/v2\/comments?post=21189"}],"wp:featuredmedia":[{"embeddable":true,"href":"https:\/\/brunboisdechauffage.at\/de\/wp-json\/wp\/v2\/media\/21219"}],"wp:attachment":[{"href":"https:\/\/brunboisdechauffage.at\/de\/wp-json\/wp\/v2\/media?parent=21189"}],"wp:term":[{"taxonomy":"product_brand","embeddable":true,"href":"https:\/\/brunboisdechauffage.at\/de\/wp-json\/wp\/v2\/product_brand?post=21189"},{"taxonomy":"product_cat","embeddable":true,"href":"https:\/\/brunboisdechauffage.at\/de\/wp-json\/wp\/v2\/product_cat?post=21189"},{"taxonomy":"product_tag","embeddable":true,"href":"https:\/\/brunboisdechauffage.at\/de\/wp-json\/wp\/v2\/product_tag?post=21189"}],"curies":[{"name":"wp","href":"https:\/\/api.w.org\/{rel}","templated":true}]}}