{"id":21182,"date":"2026-01-26T09:49:24","date_gmt":"2026-01-26T09:49:24","guid":{"rendered":"https:\/\/brunboisdechauffage.at\/?post_type=product&#038;p=21182"},"modified":"2026-01-26T09:49:28","modified_gmt":"2026-01-26T09:49:28","slug":"bernardo-hobby-350-top-metalldrehmaschine-230-v","status":"publish","type":"product","link":"https:\/\/brunboisdechauffage.at\/de\/product\/bernardo-hobby-350-top-metalldrehmaschine-230-v\/","title":{"rendered":"Bernardo Hobby 350 TOP Metalldrehmaschine \u2013 230 V"},"content":{"rendered":"<p>&nbsp;<\/p>\n<p>Technische Daten:<\/p>\n<p>Spitzenweite: 300 mm<br \/>\nSpitzenh\u00f6he: 90 mm<br \/>\nUmlaufdurchmesser \u00fcber Bett: 180 mm<br \/>\nDrehdurchmesser am Planschlitten: 110 mm<br \/>\nSpindelbohrung: 20 mm<br \/>\nSpindelaufnahme: MK 3<br \/>\nStufenlose Drehzahl: 50 \u2013 1100 \/ 120 \u2013 2500 U\/min<br \/>\nL\u00e4ngsvorschub: 0,1 \/ 0,2 mm\/U<br \/>\nMetrische Gewinde: (9) 0,5 \u2013 2,5 mm<br \/>\nPinolenhub: 60 mm<br \/>\nPinolenaufnahme: MK 2<br \/>\nMotorleistung S1 100 %: 0,45 kW<br \/>\nMotorleistung S6 40 %: 0,60 kW<br \/>\nMaschinenabmessungen (B x T x H)*: 880 x 320 x 310 mm<br \/>\nGewicht: ca. 52 kg<br \/>\n* ohne Untergestell<\/p>\n<p>Allgemeine Beschreibung der Bernardo Hobby 350 TOP Metalldrehmaschine:<\/p>\n<p>Gleichstrommotor f\u00fcr optimales Drehmoment im unteren Drehzahlbereich<br \/>\nHoher Spindelrundlauf (besser als 0,015 mm) dank Pr\u00e4zisionskugellagern<br \/>\nIdeal f\u00fcr die Bearbeitung von Stahl, NE-Metallen und Kunststoffen<br \/>\nSerienm\u00e4\u00dfig mit Frontspindel zum Gewindeschneiden oder automatischen L\u00e4ngsvorschub<br \/>\nPr\u00e4zise Spindellagerung mit 2 nachstellbaren Kegelrollenlagern<br \/>\nLeistungsstarker Gleichstrommotor mit 450 W Antriebsleistung<br \/>\nSerienm\u00e4\u00dfig mit Metallwechselr\u00e4dern zum Schneiden metrischer Gewinde<br \/>\nVielseitig einsetzbar: L\u00e4ngsdrehen, Plandrehen, Bohren, Gewindeschneiden etc.<\/p>\n<p>&nbsp;<\/p>","protected":false},"excerpt":{"rendered":"<p>Die Bernardo Hobby 350 TOP Metalldrehmaschine wird geliefert mit:<\/p>\n<p>100 mm 3-Backenfutter<br \/>\nSchutz der Futter<br \/>\nSchnellwechselstahlhalter mit 4 Eins\u00e4tzen<br \/>\nMetallwechselr\u00e4der<br \/>\nSp\u00e4ner\u00fcckwand<br \/>\nDigitale Drehzahlanzeige<br \/>\nMetallschwungr\u00e4der<br \/>\nFeste Kornspitzen<br \/>\nBedienwerkzeug<\/p>","protected":false},"featured_media":21212,"comment_status":"open","ping_status":"closed","template":"","meta":[],"product_brand":[],"product_cat":[234],"product_tag":[],"class_list":{"0":"post-21182","1":"product","2":"type-product","3":"status-publish","4":"has-post-thumbnail","6":"product_cat-maschinen","8":"first","9":"instock","10":"taxable","11":"shipping-taxable","12":"purchasable","13":"product-type-simple"},"_links":{"self":[{"href":"https:\/\/brunboisdechauffage.at\/de\/wp-json\/wp\/v2\/product\/21182","targetHints":{"allow":["GET"]}}],"collection":[{"href":"https:\/\/brunboisdechauffage.at\/de\/wp-json\/wp\/v2\/product"}],"about":[{"href":"https:\/\/brunboisdechauffage.at\/de\/wp-json\/wp\/v2\/types\/product"}],"replies":[{"embeddable":true,"href":"https:\/\/brunboisdechauffage.at\/de\/wp-json\/wp\/v2\/comments?post=21182"}],"wp:featuredmedia":[{"embeddable":true,"href":"https:\/\/brunboisdechauffage.at\/de\/wp-json\/wp\/v2\/media\/21212"}],"wp:attachment":[{"href":"https:\/\/brunboisdechauffage.at\/de\/wp-json\/wp\/v2\/media?parent=21182"}],"wp:term":[{"taxonomy":"product_brand","embeddable":true,"href":"https:\/\/brunboisdechauffage.at\/de\/wp-json\/wp\/v2\/product_brand?post=21182"},{"taxonomy":"product_cat","embeddable":true,"href":"https:\/\/brunboisdechauffage.at\/de\/wp-json\/wp\/v2\/product_cat?post=21182"},{"taxonomy":"product_tag","embeddable":true,"href":"https:\/\/brunboisdechauffage.at\/de\/wp-json\/wp\/v2\/product_tag?post=21182"}],"curies":[{"name":"wp","href":"https:\/\/api.w.org\/{rel}","templated":true}]}}