{"id":21167,"date":"2026-01-26T09:49:24","date_gmt":"2026-01-26T09:49:24","guid":{"rendered":"https:\/\/brunboisdechauffage.at\/?post_type=product&#038;p=21167"},"modified":"2026-01-26T09:49:26","modified_gmt":"2026-01-26T09:49:26","slug":"holzmann-hob-260-eco-mono-abricht-und-dickenhobelmaschine","status":"publish","type":"product","link":"https:\/\/brunboisdechauffage.at\/de\/product\/holzmann-hob-260-eco-mono-abricht-und-dickenhobelmaschine\/","title":{"rendered":"Holzmann HOB 260 ECO Mono Abricht- und Dickenhobelmaschine"},"content":{"rendered":"<p>&nbsp;<\/p>\n<p>&nbsp;<\/p>\n<p>Verstellbarer Abrichtanschlag aus Aluminium, 45\u00b0 neigbar.<br \/>\nSchwenkbare Abrichttische aus Grauguss mit ger\u00e4uschd\u00e4mpfenden Kanten.<br \/>\nDer stabile und robuste Schwei\u00dfrahmen sorgt f\u00fcr hohe Stabilit\u00e4t.<br \/>\nAutomatischer Vorschub mit ausr\u00fcckbarer Kupplung.<br \/>\nPraktische Stecker-\/Schalterkombination.<br \/>\nDer Wechsel von Abricht- zu Dickenhobeln erfolgt durch einfaches Schwenken bei positionierter Absaugklappe.<br \/>\nDie auf einem Gusseisenblock montierten Ein- und Auszugsrollen sorgen f\u00fcr optimalen Werkst\u00fcckdruck.<br \/>\nKomfortable Abrichttischh\u00f6henverstellung mit Handrad und Millimeteranschlag<br \/>\n20-Messer-Steilspindel<\/p>\n<p>Ausstattung:<br \/>\nSteilspindel, Abrichtanschlag, 3 Ersatzmesser<\/p>\n<p>Weitere Informationen<br \/>\nHobelbreite: 250 mm<br \/>\nAbmessungen Abrichttisch: 1085 x 256 mm<br \/>\nTischh\u00f6he: 850 mm<br \/>\nMaximaler Vorschub: 3 mm<br \/>\nAbmessungen Abrichtanschlag: 750 x 130 mm<\/p>","protected":false},"excerpt":{"rendered":"<p>Schwenkwinkel Abrichtanschlag: 90\u00b0\u201345\u00b0<br \/>\nMaximale Hobelbreite: 245 mm<br \/>\nAbmessungen Abrichttisch: 590 x 245 mm<br \/>\nMaximale Hobelh\u00f6he: 195 mm<br \/>\nMindesthobelh\u00f6he: 8 mm<br \/>\nMaximaler Vorschub: 2 mm<br \/>\nVorschubgeschwindigkeit: 5,5 m\/min<br \/>\nMotorleistung: S1 (100 %) \/ (S6) 1,5 kW \/ 2,1 kW<br \/>\nSpannung: 230 V<br \/>\nDrehzahl der Welle: 4000 U\/min<br \/>\nHobelwellendurchmesser: 75 mm<br \/>\nAnzahl der Messer: 20<br \/>\nNettogewicht: ca. 146 kg<br \/>\nBruttogewicht: ca. 167 kg<br \/>\nAbsaugd\u00fcsendurchmesser: 100 mm<br \/>\nMaschinenabmessungen: 1084 x 472 x 1050 mm<\/p>","protected":false},"featured_media":21197,"comment_status":"open","ping_status":"closed","template":"","meta":[],"product_brand":[],"product_cat":[234],"product_tag":[],"class_list":{"0":"post-21167","1":"product","2":"type-product","3":"status-publish","4":"has-post-thumbnail","6":"product_cat-maschinen","8":"first","9":"instock","10":"taxable","11":"shipping-taxable","12":"purchasable","13":"product-type-simple"},"_links":{"self":[{"href":"https:\/\/brunboisdechauffage.at\/de\/wp-json\/wp\/v2\/product\/21167","targetHints":{"allow":["GET"]}}],"collection":[{"href":"https:\/\/brunboisdechauffage.at\/de\/wp-json\/wp\/v2\/product"}],"about":[{"href":"https:\/\/brunboisdechauffage.at\/de\/wp-json\/wp\/v2\/types\/product"}],"replies":[{"embeddable":true,"href":"https:\/\/brunboisdechauffage.at\/de\/wp-json\/wp\/v2\/comments?post=21167"}],"wp:featuredmedia":[{"embeddable":true,"href":"https:\/\/brunboisdechauffage.at\/de\/wp-json\/wp\/v2\/media\/21197"}],"wp:attachment":[{"href":"https:\/\/brunboisdechauffage.at\/de\/wp-json\/wp\/v2\/media?parent=21167"}],"wp:term":[{"taxonomy":"product_brand","embeddable":true,"href":"https:\/\/brunboisdechauffage.at\/de\/wp-json\/wp\/v2\/product_brand?post=21167"},{"taxonomy":"product_cat","embeddable":true,"href":"https:\/\/brunboisdechauffage.at\/de\/wp-json\/wp\/v2\/product_cat?post=21167"},{"taxonomy":"product_tag","embeddable":true,"href":"https:\/\/brunboisdechauffage.at\/de\/wp-json\/wp\/v2\/product_tag?post=21167"}],"curies":[{"name":"wp","href":"https:\/\/api.w.org\/{rel}","templated":true}]}}