{"id":21130,"date":"2026-01-26T09:49:13","date_gmt":"2026-01-26T09:49:13","guid":{"rendered":"https:\/\/brunboisdechauffage.at\/?post_type=product&#038;p=21130"},"modified":"2026-01-26T09:49:21","modified_gmt":"2026-01-26T09:49:21","slug":"bernardo-dc450cf-spaneabsauger-400-v","status":"publish","type":"product","link":"https:\/\/brunboisdechauffage.at\/de\/product\/bernardo-dc450cf-spaneabsauger-400-v\/","title":{"rendered":"Bernardo DC450CF Sp\u00e4neabsauger \u2013 400 V"},"content":{"rendered":"<p>&nbsp;<\/p>\n<p>Allgemeine Beschreibung:<\/p>\n<p>Standardm\u00e4\u00dfig mit FP2-Filterpatrone<br \/>\nHoher Luftdurchsatz dank gro\u00dfer Filterfl\u00e4che f\u00fcr erh\u00f6hte Saugleistung<br \/>\nAnschluss an station\u00e4re oder mobile Holzbearbeitungsmaschinen<br \/>\nSteigert die Leistung von Holzbearbeitungsmaschinen<br \/>\nErh\u00f6hte Mobilit\u00e4t durch serienm\u00e4\u00dfigen Fahrrahmen<br \/>\nKonstante Saugleistung auch bei l\u00e4ngerem Betrieb<\/p>\n<p>Technische Daten des Bernardo DC450CF Sp\u00e4neabsaugers:<\/p>\n<p>Leistung: 2.800 m\u00b3\/h<br \/>\nFilterfl\u00e4che: 4,0 m\u00b2<br \/>\nMax. Unterdruck: 1.800 Pa<br \/>\nEinlassdurchmesser: 1 x 130 \/ 2 x 100 mm<br \/>\nBeutelvolumen: 300 Liter<\/p>","protected":false},"excerpt":{"rendered":"<p>Leerlaufdrehzahl: 2.950 U\/min<br \/>\nMotorabgabeleistung S1 100 %: 1,5 kW (2,0 PS)<br \/>\nMotoraufnahmeleistung S6 40 %: 2,1 kW (2,8 PS)<br \/>\nSpannung: 400 V \/ 50 Hz<br \/>\nGer\u00e4teabmessungen (B x T x H): 860 x 670 x 2210 mm<br \/>\nGewicht (ca.): 49 kg<\/p>\n<p>Dieser Bernardo DC450CF Sp\u00e4nesauger wird geliefert mit:<\/p>\n<p>FP2 Filterpatrone<br \/>\nFangbeutel<br \/>\nY-Adapter: 1 x 130 mm \/ 2 x 100 mm<br \/>\nTransportrollen<\/p>","protected":false},"featured_media":21160,"comment_status":"open","ping_status":"closed","template":"","meta":[],"product_brand":[],"product_cat":[234],"product_tag":[],"class_list":{"0":"post-21130","1":"product","2":"type-product","3":"status-publish","4":"has-post-thumbnail","6":"product_cat-maschinen","8":"first","9":"instock","10":"taxable","11":"shipping-taxable","12":"purchasable","13":"product-type-simple"},"_links":{"self":[{"href":"https:\/\/brunboisdechauffage.at\/de\/wp-json\/wp\/v2\/product\/21130","targetHints":{"allow":["GET"]}}],"collection":[{"href":"https:\/\/brunboisdechauffage.at\/de\/wp-json\/wp\/v2\/product"}],"about":[{"href":"https:\/\/brunboisdechauffage.at\/de\/wp-json\/wp\/v2\/types\/product"}],"replies":[{"embeddable":true,"href":"https:\/\/brunboisdechauffage.at\/de\/wp-json\/wp\/v2\/comments?post=21130"}],"wp:featuredmedia":[{"embeddable":true,"href":"https:\/\/brunboisdechauffage.at\/de\/wp-json\/wp\/v2\/media\/21160"}],"wp:attachment":[{"href":"https:\/\/brunboisdechauffage.at\/de\/wp-json\/wp\/v2\/media?parent=21130"}],"wp:term":[{"taxonomy":"product_brand","embeddable":true,"href":"https:\/\/brunboisdechauffage.at\/de\/wp-json\/wp\/v2\/product_brand?post=21130"},{"taxonomy":"product_cat","embeddable":true,"href":"https:\/\/brunboisdechauffage.at\/de\/wp-json\/wp\/v2\/product_cat?post=21130"},{"taxonomy":"product_tag","embeddable":true,"href":"https:\/\/brunboisdechauffage.at\/de\/wp-json\/wp\/v2\/product_tag?post=21130"}],"curies":[{"name":"wp","href":"https:\/\/api.w.org\/{rel}","templated":true}]}}