{"id":21129,"date":"2026-01-26T09:49:13","date_gmt":"2026-01-26T09:49:13","guid":{"rendered":"https:\/\/brunboisdechauffage.at\/?post_type=product&#038;p=21129"},"modified":"2026-01-26T09:49:20","modified_gmt":"2026-01-26T09:49:20","slug":"gemischte-palette-pinikay-nestro-mix-holzbriketts-960-kg","status":"publish","type":"product","link":"https:\/\/brunboisdechauffage.at\/de\/product\/gemischte-palette-pinikay-nestro-mix-holzbriketts-960-kg\/","title":{"rendered":"Gemischte Palette Pinikay + Nestro Mix Holzbriketts (960 kg)"},"content":{"rendered":"<p>&nbsp;<\/p>\n<p>Beschreibung<br \/>\nDie optimale Kombination aus W\u00e4rme und l\u00e4ngster Brenndauer<br \/>\n1 Palette = 48 Packungen \u00e0 10 kg Pinikay + 48 Packungen \u00e0 10 kg Nestro Mix<br \/>\nKostenlose Lieferung innerhalb von 2 Werktagen<\/p>","protected":false},"excerpt":{"rendered":"<p>&nbsp; Beschreibung Die optimale Kombination aus W\u00e4rme und l\u00e4ngster Brenndauer 1 Palette = 48 Packungen \u00e0 10 kg Pinikay + 48 Packungen \u00e0 10 kg Nestro Mix Kostenlose Lieferung innerhalb von 2 Werktagen<\/p>","protected":false},"featured_media":21159,"comment_status":"open","ping_status":"closed","template":"","meta":[],"product_brand":[],"product_cat":[233],"product_tag":[],"class_list":{"0":"post-21129","1":"product","2":"type-product","3":"status-publish","4":"has-post-thumbnail","6":"product_cat-pellets","8":"first","9":"instock","10":"taxable","11":"shipping-taxable","12":"purchasable","13":"product-type-simple"},"_links":{"self":[{"href":"https:\/\/brunboisdechauffage.at\/de\/wp-json\/wp\/v2\/product\/21129","targetHints":{"allow":["GET"]}}],"collection":[{"href":"https:\/\/brunboisdechauffage.at\/de\/wp-json\/wp\/v2\/product"}],"about":[{"href":"https:\/\/brunboisdechauffage.at\/de\/wp-json\/wp\/v2\/types\/product"}],"replies":[{"embeddable":true,"href":"https:\/\/brunboisdechauffage.at\/de\/wp-json\/wp\/v2\/comments?post=21129"}],"wp:featuredmedia":[{"embeddable":true,"href":"https:\/\/brunboisdechauffage.at\/de\/wp-json\/wp\/v2\/media\/21159"}],"wp:attachment":[{"href":"https:\/\/brunboisdechauffage.at\/de\/wp-json\/wp\/v2\/media?parent=21129"}],"wp:term":[{"taxonomy":"product_brand","embeddable":true,"href":"https:\/\/brunboisdechauffage.at\/de\/wp-json\/wp\/v2\/product_brand?post=21129"},{"taxonomy":"product_cat","embeddable":true,"href":"https:\/\/brunboisdechauffage.at\/de\/wp-json\/wp\/v2\/product_cat?post=21129"},{"taxonomy":"product_tag","embeddable":true,"href":"https:\/\/brunboisdechauffage.at\/de\/wp-json\/wp\/v2\/product_tag?post=21129"}],"curies":[{"name":"wp","href":"https:\/\/api.w.org\/{rel}","templated":true}]}}