{"id":21126,"date":"2026-01-26T09:49:13","date_gmt":"2026-01-26T09:49:13","guid":{"rendered":"https:\/\/brunboisdechauffage.at\/?post_type=product&#038;p=21126"},"modified":"2026-01-26T09:49:19","modified_gmt":"2026-01-26T09:49:19","slug":"van-roje-pellet-palette-mit-65-sacken-a-15-kg","status":"publish","type":"product","link":"https:\/\/brunboisdechauffage.at\/de\/product\/van-roje-pellet-palette-mit-65-sacken-a-15-kg\/","title":{"rendered":"Van Roje Pellet \u2013 Palette mit 65 S\u00e4cken \u00e0 15 kg"},"content":{"rendered":"<p>Beschreibung<br \/>\nDas Van Roje Pellet ist unser hochwertigstes Holzpellet.<\/p>\n<p>Das VAN ROJE Holzpellet \u00fcbertrifft die Anforderungen der DIN Plus- und EN Plus-Normen und ist zudem PEFC-zertifiziert (nachhaltige Forstwirtschaft).<\/p>\n<p>Sein Heizwert liegt 7 % \u00fcber dem DIN Plus-Standard.<\/p>\n<p>Es garantiert 44 % weniger Asche und 77 % weniger Staub im Vergleich zu einem Standardpellet.<\/p>\n<p>Dieses 100 % harzhaltige, zusatzstofffreie und CO2-neutrale Holzpellet ist ideal f\u00fcr Ihren Ofen oder Heizkessel.<\/p>\n<p>Es sorgt f\u00fcr einen schnellen Temperaturanstieg, h\u00e4lt die W\u00e4rme konstant und Sie verbrauchen weniger Pellets als bei anderen Marken.<\/p>\n<p>Ein hochwertiges deutsches Pellet!<\/p>\n<p>&nbsp;<\/p>","protected":false},"excerpt":{"rendered":"<p>Sie haben sich f\u00fcr eine Holzpelletheizung entschieden \u2013 und Sie liegen richtig! Sie nutzt nicht nur erneuerbare Energie, sondern ist auch noch sparsam.<\/p>\n<p>Mit VANROJE Pellets profitieren Sie von einem schnellen Temperaturanstieg und k\u00f6nnen dank des geringen Staub- und Aschegehalts die W\u00e4rme einfach genie\u00dfen, ohne sie t\u00e4glich reinigen zu m\u00fcssen.<\/p>\n<p>Referenz<br \/>\nPELLET_PALETTE_VANROJE<\/p>","protected":false},"featured_media":21156,"comment_status":"open","ping_status":"closed","template":"","meta":[],"product_brand":[],"product_cat":[233],"product_tag":[],"class_list":{"0":"post-21126","1":"product","2":"type-product","3":"status-publish","4":"has-post-thumbnail","6":"product_cat-pellets","8":"first","9":"instock","10":"taxable","11":"shipping-taxable","12":"purchasable","13":"product-type-simple"},"_links":{"self":[{"href":"https:\/\/brunboisdechauffage.at\/de\/wp-json\/wp\/v2\/product\/21126","targetHints":{"allow":["GET"]}}],"collection":[{"href":"https:\/\/brunboisdechauffage.at\/de\/wp-json\/wp\/v2\/product"}],"about":[{"href":"https:\/\/brunboisdechauffage.at\/de\/wp-json\/wp\/v2\/types\/product"}],"replies":[{"embeddable":true,"href":"https:\/\/brunboisdechauffage.at\/de\/wp-json\/wp\/v2\/comments?post=21126"}],"wp:featuredmedia":[{"embeddable":true,"href":"https:\/\/brunboisdechauffage.at\/de\/wp-json\/wp\/v2\/media\/21156"}],"wp:attachment":[{"href":"https:\/\/brunboisdechauffage.at\/de\/wp-json\/wp\/v2\/media?parent=21126"}],"wp:term":[{"taxonomy":"product_brand","embeddable":true,"href":"https:\/\/brunboisdechauffage.at\/de\/wp-json\/wp\/v2\/product_brand?post=21126"},{"taxonomy":"product_cat","embeddable":true,"href":"https:\/\/brunboisdechauffage.at\/de\/wp-json\/wp\/v2\/product_cat?post=21126"},{"taxonomy":"product_tag","embeddable":true,"href":"https:\/\/brunboisdechauffage.at\/de\/wp-json\/wp\/v2\/product_tag?post=21126"}],"curies":[{"name":"wp","href":"https:\/\/api.w.org\/{rel}","templated":true}]}}