{"id":21121,"date":"2026-01-26T09:49:13","date_gmt":"2026-01-26T09:49:13","guid":{"rendered":"https:\/\/brunboisdechauffage.at\/?post_type=product&#038;p=21121"},"modified":"2026-01-26T09:49:18","modified_gmt":"2026-01-26T09:49:18","slug":"ardenforest-pellets-palette-mit-70-sacken-a-15-kg","status":"publish","type":"product","link":"https:\/\/brunboisdechauffage.at\/de\/product\/ardenforest-pellets-palette-mit-70-sacken-a-15-kg\/","title":{"rendered":"Ardenforest Pellets \u2013 Palette mit 70 S\u00e4cken \u00e0 15 kg"},"content":{"rendered":"<p>&nbsp;<\/p>\n<p>Technisches Datenblatt<br \/>\nZusammensetzung<br \/>\nNadel- und Laubh\u00f6lzer<br \/>\nZertifikate<br \/>\nDIN Plus, PEFC<br \/>\nHeizwert<br \/>\n\u00dcber 5 kWh\/kg<br \/>\nFeuchtigkeitsgehalt<br \/>\nUnter 10 %<br \/>\nAschegehalt<br \/>\nUnter 0,7 %<br \/>\nStaubgehalt<br \/>\nUnter 0,5 %<br \/>\nDurchmesser<br \/>\n6 mm<br \/>\nVerpackung<br \/>\nPalette<br \/>\nHerkunft<br \/>\nFrankreich<\/p>","protected":false},"excerpt":{"rendered":"<p>Beschreibung<br \/>\nArdenforest Holzpellets sind DIN Plus-zertifiziert und werden in der Region Champagne-Ardenne aus einer Mischung aus Weich- und Hartholz mit hohem Heizwert hergestellt.<\/p>\n<p>Diese Pellets sind von hoher Qualit\u00e4t und eignen sich ideal f\u00fcr alle Pelletheizungen wie \u00d6fen, Eins\u00e4tze und Heizkessel.<\/p>\n<p>100 % Weichholz ist nicht zwingend erforderlich; z\u00f6gern Sie nicht und testen Sie die Holzmischung. Sie verstopft Ihre Heizungsanlage nicht, sorgt aber f\u00fcr gleichm\u00e4\u00dfige W\u00e4rme und einen schnellen Temperaturanstieg.<\/p>\n<p>Und ja, Sie k\u00f6nnen auch mit Pellets heizen, die nicht zu 100 % aus Weichholz bestehen!<\/p>\n<p>Die Mischung aus Hart- und Weichholz sorgt f\u00fcr einen nat\u00fcrlichen Klebstoff auf den Pellets, sodass sie beim Verdichten und Transport zur F\u00f6rderschnecke nicht brechen.<\/p>\n<p>Die Herkunft des Holzes ist f\u00fcr die Umwelt sehr wichtig: Je n\u00e4her Sie ein Pellet an Ihrem Wohnort w\u00e4hlen, desto geringer sind Ihre CO2-Emissionen.<\/p>\n<p>F\u00fcr ein gutes Pellet sind ein Feuchtigkeitsgehalt von &lt;10 %, ein Aschegehalt von &lt;0,7 %, ein Staubgehalt von &lt;0,5 % und ein Heizwert von &gt;4,6 kWh\/kg erforderlich.<\/p>\n<p>Referenz<br \/>\nPELLET_PALETTE_ARDENFOREST<\/p>","protected":false},"featured_media":21151,"comment_status":"open","ping_status":"closed","template":"","meta":[],"product_brand":[],"product_cat":[233],"product_tag":[],"class_list":{"0":"post-21121","1":"product","2":"type-product","3":"status-publish","4":"has-post-thumbnail","6":"product_cat-pellets","8":"first","9":"instock","10":"taxable","11":"shipping-taxable","12":"purchasable","13":"product-type-simple"},"_links":{"self":[{"href":"https:\/\/brunboisdechauffage.at\/de\/wp-json\/wp\/v2\/product\/21121","targetHints":{"allow":["GET"]}}],"collection":[{"href":"https:\/\/brunboisdechauffage.at\/de\/wp-json\/wp\/v2\/product"}],"about":[{"href":"https:\/\/brunboisdechauffage.at\/de\/wp-json\/wp\/v2\/types\/product"}],"replies":[{"embeddable":true,"href":"https:\/\/brunboisdechauffage.at\/de\/wp-json\/wp\/v2\/comments?post=21121"}],"wp:featuredmedia":[{"embeddable":true,"href":"https:\/\/brunboisdechauffage.at\/de\/wp-json\/wp\/v2\/media\/21151"}],"wp:attachment":[{"href":"https:\/\/brunboisdechauffage.at\/de\/wp-json\/wp\/v2\/media?parent=21121"}],"wp:term":[{"taxonomy":"product_brand","embeddable":true,"href":"https:\/\/brunboisdechauffage.at\/de\/wp-json\/wp\/v2\/product_brand?post=21121"},{"taxonomy":"product_cat","embeddable":true,"href":"https:\/\/brunboisdechauffage.at\/de\/wp-json\/wp\/v2\/product_cat?post=21121"},{"taxonomy":"product_tag","embeddable":true,"href":"https:\/\/brunboisdechauffage.at\/de\/wp-json\/wp\/v2\/product_tag?post=21121"}],"curies":[{"name":"wp","href":"https:\/\/api.w.org\/{rel}","templated":true}]}}