{"id":21117,"date":"2026-01-26T09:49:13","date_gmt":"2026-01-26T09:49:13","guid":{"rendered":"https:\/\/brunboisdechauffage.at\/?post_type=product&#038;p=21117"},"modified":"2026-01-26T09:49:17","modified_gmt":"2026-01-26T09:49:17","slug":"100-anthrazitkohlepalette-a-20-30-mm","status":"publish","type":"product","link":"https:\/\/brunboisdechauffage.at\/de\/product\/100-anthrazitkohlepalette-a-20-30-mm\/","title":{"rendered":"100 % Anthrazitkohlepalette (A 20\u201330 mm)"},"content":{"rendered":"<p>&nbsp;<\/p>\n<p>Beschreibung<br \/>\nSt\u00e4rke: 20\u201330 mm<br \/>\nGeeignet f\u00fcr Kohle\u00f6fen (gro\u00dfe Dauer\u00f6fen) oder integrierte Kassetten<br \/>\n40 S\u00e4cke \u00e0 25 kg<\/p>","protected":false},"excerpt":{"rendered":"<p>&nbsp; Beschreibung St\u00e4rke: 20\u201330 mm Geeignet f\u00fcr Kohle\u00f6fen (gro\u00dfe Dauer\u00f6fen) oder integrierte Kassetten 40 S\u00e4cke \u00e0 25 kg<\/p>","protected":false},"featured_media":21147,"comment_status":"open","ping_status":"closed","template":"","meta":[],"product_brand":[],"product_cat":[233],"product_tag":[],"class_list":{"0":"post-21117","1":"product","2":"type-product","3":"status-publish","4":"has-post-thumbnail","6":"product_cat-pellets","8":"first","9":"instock","10":"taxable","11":"shipping-taxable","12":"purchasable","13":"product-type-simple"},"_links":{"self":[{"href":"https:\/\/brunboisdechauffage.at\/de\/wp-json\/wp\/v2\/product\/21117","targetHints":{"allow":["GET"]}}],"collection":[{"href":"https:\/\/brunboisdechauffage.at\/de\/wp-json\/wp\/v2\/product"}],"about":[{"href":"https:\/\/brunboisdechauffage.at\/de\/wp-json\/wp\/v2\/types\/product"}],"replies":[{"embeddable":true,"href":"https:\/\/brunboisdechauffage.at\/de\/wp-json\/wp\/v2\/comments?post=21117"}],"wp:featuredmedia":[{"embeddable":true,"href":"https:\/\/brunboisdechauffage.at\/de\/wp-json\/wp\/v2\/media\/21147"}],"wp:attachment":[{"href":"https:\/\/brunboisdechauffage.at\/de\/wp-json\/wp\/v2\/media?parent=21117"}],"wp:term":[{"taxonomy":"product_brand","embeddable":true,"href":"https:\/\/brunboisdechauffage.at\/de\/wp-json\/wp\/v2\/product_brand?post=21117"},{"taxonomy":"product_cat","embeddable":true,"href":"https:\/\/brunboisdechauffage.at\/de\/wp-json\/wp\/v2\/product_cat?post=21117"},{"taxonomy":"product_tag","embeddable":true,"href":"https:\/\/brunboisdechauffage.at\/de\/wp-json\/wp\/v2\/product_tag?post=21117"}],"curies":[{"name":"wp","href":"https:\/\/api.w.org\/{rel}","templated":true}]}}