{"id":21115,"date":"2026-01-26T09:49:13","date_gmt":"2026-01-26T09:49:13","guid":{"rendered":"https:\/\/brunboisdechauffage.at\/?post_type=product&#038;p=21115"},"modified":"2026-01-26T09:49:16","modified_gmt":"2026-01-26T09:49:16","slug":"palette-ruf-briketts-aus-100-eichenholz-960-kg","status":"publish","type":"product","link":"https:\/\/brunboisdechauffage.at\/de\/product\/palette-ruf-briketts-aus-100-eichenholz-960-kg\/","title":{"rendered":"Palette Ruf-Briketts aus 100 % Eichenholz (960 kg)"},"content":{"rendered":"<p>&nbsp;<\/p>\n<p>Beschreibung<br \/>\nSehr kompakt und sauber \u2013 eine wertvolle Alternative zu herk\u00f6mmlichem Brennholz.<br \/>\nKontinuierliche Verbrennung, lang anhaltende, gleichm\u00e4\u00dfige W\u00e4rme<br \/>\nKompaktes RUF-Brikett, auch f\u00fcr kleine \u00d6fen geeignet<\/p>","protected":false},"excerpt":{"rendered":"<p>&nbsp; Beschreibung Sehr kompakt und sauber \u2013 eine wertvolle Alternative zu herk\u00f6mmlichem Brennholz. Kontinuierliche Verbrennung, lang anhaltende, gleichm\u00e4\u00dfige W\u00e4rme Kompaktes RUF-Brikett, auch f\u00fcr kleine \u00d6fen geeignet<\/p>","protected":false},"featured_media":21145,"comment_status":"open","ping_status":"closed","template":"","meta":[],"product_brand":[],"product_cat":[233],"product_tag":[],"class_list":{"0":"post-21115","1":"product","2":"type-product","3":"status-publish","4":"has-post-thumbnail","6":"product_cat-pellets","8":"first","9":"instock","10":"taxable","11":"shipping-taxable","12":"purchasable","13":"product-type-simple"},"_links":{"self":[{"href":"https:\/\/brunboisdechauffage.at\/de\/wp-json\/wp\/v2\/product\/21115","targetHints":{"allow":["GET"]}}],"collection":[{"href":"https:\/\/brunboisdechauffage.at\/de\/wp-json\/wp\/v2\/product"}],"about":[{"href":"https:\/\/brunboisdechauffage.at\/de\/wp-json\/wp\/v2\/types\/product"}],"replies":[{"embeddable":true,"href":"https:\/\/brunboisdechauffage.at\/de\/wp-json\/wp\/v2\/comments?post=21115"}],"wp:featuredmedia":[{"embeddable":true,"href":"https:\/\/brunboisdechauffage.at\/de\/wp-json\/wp\/v2\/media\/21145"}],"wp:attachment":[{"href":"https:\/\/brunboisdechauffage.at\/de\/wp-json\/wp\/v2\/media?parent=21115"}],"wp:term":[{"taxonomy":"product_brand","embeddable":true,"href":"https:\/\/brunboisdechauffage.at\/de\/wp-json\/wp\/v2\/product_brand?post=21115"},{"taxonomy":"product_cat","embeddable":true,"href":"https:\/\/brunboisdechauffage.at\/de\/wp-json\/wp\/v2\/product_cat?post=21115"},{"taxonomy":"product_tag","embeddable":true,"href":"https:\/\/brunboisdechauffage.at\/de\/wp-json\/wp\/v2\/product_tag?post=21115"}],"curies":[{"name":"wp","href":"https:\/\/api.w.org\/{rel}","templated":true}]}}