{"id":21112,"date":"2026-01-26T09:49:13","date_gmt":"2026-01-26T09:49:13","guid":{"rendered":"https:\/\/brunboisdechauffage.at\/?post_type=product&#038;p=21112"},"modified":"2026-01-26T09:49:15","modified_gmt":"2026-01-26T09:49:15","slug":"woodstock-premium-qualitat-holzpellets-palette-mit-70-sacken-a-15-kg","status":"publish","type":"product","link":"https:\/\/brunboisdechauffage.at\/de\/product\/woodstock-premium-qualitat-holzpellets-palette-mit-70-sacken-a-15-kg\/","title":{"rendered":"WOODSTOCK Premium-Qualit\u00e4t Holzpellets \u2013 Palette mit 70 S\u00e4cken \u00e0 15 kg"},"content":{"rendered":"<p>&nbsp;<\/p>\n<p>Beschreibung<br \/>\nDiese Pellets werden in Frankreich hergestellt und enthalten keine chemischen Elemente oder Substanzen. Die Pellets sind 20 mm lang und haben einen Durchmesser von 6 mm \u2013 ein relativ gutes Ma\u00df. Normalerweise misst ein Pellet zwischen 15 und 20 mm, der maximale Durchmesser betr\u00e4gt 8 mm. Diese WOODSTOCK Premium-Qualit\u00e4tspellets werden auf Paletten mit 70 S\u00e4cken geliefert. Jeder Sack wiegt 15 kg. Dieses Produkt ist f\u00fcr alle holzbefeuerten Pelletger\u00e4te (Eins\u00e4tze, \u00d6fen und Heizkessel) geeignet.<\/p>","protected":false},"excerpt":{"rendered":"<p>&nbsp; Beschreibung Diese Pellets werden in Frankreich hergestellt und enthalten keine chemischen Elemente oder Substanzen. Die Pellets sind 20 mm lang und haben einen Durchmesser von 6 mm \u2013 ein relativ gutes Ma\u00df. Normalerweise misst ein Pellet zwischen 15 und 20 mm, der maximale Durchmesser betr\u00e4gt 8 mm. Diese WOODSTOCK Premium-Qualit\u00e4tspellets werden auf Paletten mit [&hellip;]<\/p>","protected":false},"featured_media":21142,"comment_status":"open","ping_status":"closed","template":"","meta":[],"product_brand":[],"product_cat":[233],"product_tag":[],"class_list":{"0":"post-21112","1":"product","2":"type-product","3":"status-publish","4":"has-post-thumbnail","6":"product_cat-pellets","8":"first","9":"instock","10":"taxable","11":"shipping-taxable","12":"purchasable","13":"product-type-simple"},"_links":{"self":[{"href":"https:\/\/brunboisdechauffage.at\/de\/wp-json\/wp\/v2\/product\/21112","targetHints":{"allow":["GET"]}}],"collection":[{"href":"https:\/\/brunboisdechauffage.at\/de\/wp-json\/wp\/v2\/product"}],"about":[{"href":"https:\/\/brunboisdechauffage.at\/de\/wp-json\/wp\/v2\/types\/product"}],"replies":[{"embeddable":true,"href":"https:\/\/brunboisdechauffage.at\/de\/wp-json\/wp\/v2\/comments?post=21112"}],"wp:featuredmedia":[{"embeddable":true,"href":"https:\/\/brunboisdechauffage.at\/de\/wp-json\/wp\/v2\/media\/21142"}],"wp:attachment":[{"href":"https:\/\/brunboisdechauffage.at\/de\/wp-json\/wp\/v2\/media?parent=21112"}],"wp:term":[{"taxonomy":"product_brand","embeddable":true,"href":"https:\/\/brunboisdechauffage.at\/de\/wp-json\/wp\/v2\/product_brand?post=21112"},{"taxonomy":"product_cat","embeddable":true,"href":"https:\/\/brunboisdechauffage.at\/de\/wp-json\/wp\/v2\/product_cat?post=21112"},{"taxonomy":"product_tag","embeddable":true,"href":"https:\/\/brunboisdechauffage.at\/de\/wp-json\/wp\/v2\/product_tag?post=21112"}],"curies":[{"name":"wp","href":"https:\/\/api.w.org\/{rel}","templated":true}]}}