{"id":21009,"date":"2026-01-26T09:48:47","date_gmt":"2026-01-26T09:48:47","guid":{"rendered":"https:\/\/brunboisdechauffage.at\/?post_type=product&#038;p=21009"},"modified":"2026-01-26T09:48:59","modified_gmt":"2026-01-26T09:48:59","slug":"vidaxl-feuerholz-lagerschuppen-kiefernholz-impragniert-grun-300x44x176-cm-verrottungsfest-schrages-dach-optimale-beluftung-und-trocknung","status":"publish","type":"product","link":"https:\/\/brunboisdechauffage.at\/de\/product\/vidaxl-feuerholz-lagerschuppen-kiefernholz-impragniert-grun-300x44x176-cm-verrottungsfest-schrages-dach-optimale-beluftung-und-trocknung\/","title":{"rendered":"vidaXL Feuerholz-Lagerschuppen, Kiefernholz impr\u00e4gniert, gr\u00fcn, 300x44x176 cm, verrottungsfest, schr\u00e4ges Dach, optimale Bel\u00fcftung und Trocknung"},"content":{"rendered":"<h2 class=\"pdp-expandable-section__title\">Produktbeschreibung &amp; Produktdaten<\/h2>\n<div class=\"pdp-expandable-section__content\">\n<div class=\"pdp-product-description__grid\">\n<div class=\"pdp-product-description__section\" role=\"region\" aria-label=\"Produktinformationen\">\n<div>\n<p>Dieser Feuerholz-Lagerschuppen stellt eine effiziente L\u00f6sung f\u00fcr die Lagerung von gro\u00dfen Menge an Brennholz dar. Dieser Schuppen ist aus hochwertigem, druckimpr\u00e4gniertem Kiefernholz gefertigt, wodurch er sehr widerstandsf\u00e4hig, langlebig und verrottungsbest\u00e4ndig ist.<\/p>\n<p>&nbsp;<\/p>\n<p>Der Lagerschuppen hat ein schr\u00e4ges Dach, um das Feuerholz vor Regen und Schnee zu sch\u00fctzen, aus Latten bestehende Seiten, die eine ausreichende Luftzirkulation erm\u00f6glichen, und erh\u00f6hte Bodenlatten, um das Holz zu bel\u00fcften und zu trocknen.<\/p>\n<p>&nbsp;<\/p>\n<\/div>\n<\/div>\n<div>\n<section aria-label=\"Produktdaten\">\n<div class=\"pdp-attribute-list__item\">\n<div class=\"pdp-attribute-list__value\" data-test-item_text=\"42957\">\n<div class=\"rd-attribute-list__item-text\">\n<div><\/div>\n<\/div>\n<\/div>\n<\/div>\n<\/section>\n<\/div>\n<\/div>\n<\/div>","protected":false},"excerpt":{"rendered":"<div class=\"pdp-product-description__section\" role=\"region\" aria-label=\"Produktinformationen\">\n<div>\n<p>Der Aufbau ist einfach. Bitte beachten Sie, dass Holz ein Naturprodukt ist und Unregelm\u00e4\u00dfigkeiten aufweisen kann.<\/p>\n<ul>\n<li>Material: Kiefernholz, gr\u00fcn impr\u00e4gniert<\/li>\n<li>Verrottungsfest<\/li>\n<li>Ma\u00dfe: 300 x 44 x 176 cm (L x B x H)<\/li>\n<li>Einfache Endmontage<\/li>\n<\/ul>\n<\/div>\n<\/div>\n<div>\n<section aria-label=\"Produktdaten\">\n<div class=\"pdp-attribute-list__item\">Gewicht<\/p>\n<div class=\"pdp-attribute-list__value\" data-test-item_text=\"51 kg\">\n<div class=\"rd-attribute-list__item-text\">\n<div>51 kg<\/div>\n<\/div>\n<\/div>\n<\/div>\n<div class=\"pdp-attribute-list__item\">Breite<\/p>\n<div class=\"pdp-attribute-list__value\" data-test-item_text=\"44 cm\">\n<div class=\"rd-attribute-list__item-text\">\n<div>44 cm<\/div>\n<\/div>\n<\/div>\n<\/div>\n<div class=\"pdp-attribute-list__item\">L\u00e4nge<\/p>\n<div class=\"pdp-attribute-list__value\" data-test-item_text=\"300 cm\">\n<div class=\"rd-attribute-list__item-text\">\n<div>300 cm<\/div>\n<\/div>\n<\/div>\n<\/div>\n<div class=\"pdp-attribute-list__item\">Hersteller<\/p>\n<div class=\"pdp-attribute-list__value\" data-test-item_text=\"vidaXL\">\n<div>vidaXL<\/div>\n<\/div>\n<\/div>\n<div class=\"pdp-attribute-list__item\">EAN<\/p>\n<div class=\"pdp-attribute-list__value\" data-test-item_text=\"8718475505457\">\n<div class=\"rd-attribute-list__item-text\">\n<div>8718475505457<\/div>\n<\/div>\n<\/div>\n<\/div>\n<div class=\"pdp-attribute-list__item\">Herstellernummer<\/p>\n<div class=\"pdp-attribute-list__value\" data-test-item_text=\"42957\">\n<div class=\"rd-attribute-list__item-text\">\n<div>42957<\/div>\n<\/div>\n<\/div>\n<\/div>\n<\/section>\n<\/div>","protected":false},"featured_media":21039,"comment_status":"open","ping_status":"closed","template":"","meta":[],"product_brand":[],"product_cat":[231],"product_tag":[],"class_list":{"0":"post-21009","1":"product","2":"type-product","3":"status-publish","4":"has-post-thumbnail","6":"product_cat-brennholz","8":"first","9":"instock","10":"taxable","11":"shipping-taxable","12":"purchasable","13":"product-type-simple"},"_links":{"self":[{"href":"https:\/\/brunboisdechauffage.at\/de\/wp-json\/wp\/v2\/product\/21009","targetHints":{"allow":["GET"]}}],"collection":[{"href":"https:\/\/brunboisdechauffage.at\/de\/wp-json\/wp\/v2\/product"}],"about":[{"href":"https:\/\/brunboisdechauffage.at\/de\/wp-json\/wp\/v2\/types\/product"}],"replies":[{"embeddable":true,"href":"https:\/\/brunboisdechauffage.at\/de\/wp-json\/wp\/v2\/comments?post=21009"}],"wp:featuredmedia":[{"embeddable":true,"href":"https:\/\/brunboisdechauffage.at\/de\/wp-json\/wp\/v2\/media\/21039"}],"wp:attachment":[{"href":"https:\/\/brunboisdechauffage.at\/de\/wp-json\/wp\/v2\/media?parent=21009"}],"wp:term":[{"taxonomy":"product_brand","embeddable":true,"href":"https:\/\/brunboisdechauffage.at\/de\/wp-json\/wp\/v2\/product_brand?post=21009"},{"taxonomy":"product_cat","embeddable":true,"href":"https:\/\/brunboisdechauffage.at\/de\/wp-json\/wp\/v2\/product_cat?post=21009"},{"taxonomy":"product_tag","embeddable":true,"href":"https:\/\/brunboisdechauffage.at\/de\/wp-json\/wp\/v2\/product_tag?post=21009"}],"curies":[{"name":"wp","href":"https:\/\/api.w.org\/{rel}","templated":true}]}}