{"id":21004,"date":"2026-01-26T09:48:47","date_gmt":"2026-01-26T09:48:47","guid":{"rendered":"https:\/\/brunboisdechauffage.at\/?post_type=product&#038;p=21004"},"modified":"2026-01-26T09:48:57","modified_gmt":"2026-01-26T09:48:57","slug":"100-buche-kaminholz-brennholz-25-cm-best-for-home-90-kg","status":"publish","type":"product","link":"https:\/\/brunboisdechauffage.at\/de\/product\/100-buche-kaminholz-brennholz-25-cm-best-for-home-90-kg\/","title":{"rendered":"100% Buche Kaminholz Brennholz 25 cm Best for Home &#8211; 90 Kg"},"content":{"rendered":"<h2 class=\"pdp-expandable-section__title\">Produktbeschreibung &amp; Produktdaten<\/h2>\n<div class=\"pdp-expandable-section__content\">\n<div class=\"pdp-product-description__grid\">\n<div class=\"pdp-product-description__section\" role=\"region\" aria-label=\"Produktinformationen\">\n<div>\n<p><strong>Unsere Brennholzprodukte sind die perfekte Wahl f\u00fcr alle, die Qualit\u00e4t und Nachhaltigkeit sch\u00e4tzen. Unser Holz wird sorgf\u00e4ltig ausgew\u00e4hlt und in handlichen S\u00e4cken geliefert, mit Scheitl\u00e4nge 25 cm.<\/strong>.<\/p>\n<p>Dies macht es einfach, das Holz in verschiedenen Arten von Heizger\u00e4ten oder beim Grillen zu verwenden.<\/p>\n<p>Was unser Brennholz auszeichnet, ist seine Trockenheit und sofortige Einsatzbereitschaft. Mit einer Restfeuchte von weniger als 20% k\u00f6nnen Sie sicher sein, dass unser Holz effizient und rauchfrei brennt. Damit tragen wir nicht nur zur Umweltschonung bei, sondern bieten Ihnen auch ein komfortables und problemloses Nutzererlebnis.<\/p>\n<p>Ein weiterer Vorteil unseres Brennholzes ist die Art und Weise, wie es beschafft wird. Wir legen gro\u00dfen Wert auf Umweltfreundlichkeit und Nachhaltigkeit. Unsere vertrauensw\u00fcrdigen Lieferanten stellen sicher, dass das Holz ohne Sch\u00e4dlingsbefall oder Pilzwachstum ist. Sie k\u00f6nnen sich also darauf verlassen, dass das Holz in bestem Zustand geliefert wird.<\/p>\n<\/div>\n<\/div>\n<div>\n<section aria-label=\"Produktdaten\">\n<div class=\"pdp-attribute-list__item\">\n<div class=\"pdp-attribute-list__value\" data-test-item_text=\"4058744903305\">\n<div class=\"rd-attribute-list__item-text\">\n<div><\/div>\n<\/div>\n<\/div>\n<\/div>\n<\/section>\n<\/div>\n<\/div>\n<\/div>","protected":false},"excerpt":{"rendered":"<div class=\"pdp-product-description__section\" role=\"region\" aria-label=\"Produktinformationen\">\n<div>\n<p>Die Vielseitigkeit unseres Brennholzes ist bemerkenswert. Sie k\u00f6nnen es in Kaminen, Kachel\u00f6fen und offenen Kaminen verwenden, um eine gem\u00fctliche W\u00e4rmequelle zu schaffen. Wenn Sie gerne grillen oder r\u00e4uchern, ist unser Holz auch die ideale Wahl f\u00fcr Ihre Bed\u00fcrfnisse. Es erzeugt ein authentisches Raucharoma, das Ihren Gerichten eine besondere Note verleiht. Dar\u00fcber hinaus eignet es sich perfekt f\u00fcr Feuerstellen oder Lagerfeuer, um gem\u00fctliche Abende im Freien zu gestalten.<\/p>\n<ul>\n<li>Nur das Beste f\u00fcr Ihre Feuerbed\u00fcrfnisse.<\/li>\n<li>Keine Sorge mehr vor Pilzen oder Schimmel!<\/li>\n<li>Ofenfertig und sauber verpackt: Kein l\u00e4stiges Vorbereiten mehr. Unser Brennholz ist sofort einsatzbereit und wird ordentlich verpackt geliefert.<\/li>\n<li>Vielseitig einsetzbar: Ob Grill, Kaminofen, Kachelofen, offener Kamin, Smoker, Feuerschale oder Lagerfeuer &#8211; unser Brennholz ist die ideale Wahl f\u00fcr alle Feuerstellen.<\/li>\n<li>Entfachen Sie die Leidenschaft f\u00fcrs Feuermachen mit unserem erstklassigen Brennholz!<\/li>\n<\/ul>\n<\/div>\n<\/div>\n<div>\n<section aria-label=\"Produktdaten\">\n<div class=\"pdp-attribute-list__item\">Holzart \/ Dekor<\/p>\n<div class=\"pdp-attribute-list__value\" data-test-item_text=\"Buche\">\n<div>Buche<\/div>\n<\/div>\n<\/div>\n<div class=\"pdp-attribute-list__item\">Gewicht<\/p>\n<div class=\"pdp-attribute-list__value\" data-test-item_text=\"90 kg\">\n<div class=\"rd-attribute-list__item-text\">\n<div>90 kg<\/div>\n<\/div>\n<\/div>\n<\/div>\n<div class=\"pdp-attribute-list__item\">L\u00e4nge<\/p>\n<div class=\"pdp-attribute-list__value\" data-test-item_text=\"25 cm\">\n<div class=\"rd-attribute-list__item-text\">\n<div>25 cm<\/div>\n<\/div>\n<\/div>\n<\/div>\n<div class=\"pdp-attribute-list__item\">Inhalt<\/p>\n<div class=\"pdp-attribute-list__value\" data-test-item_text=\"0.1 l\">\n<div class=\"rd-attribute-list__item-text\">\n<div>0.1 l<\/div>\n<\/div>\n<\/div>\n<\/div>\n<div class=\"pdp-attribute-list__item\">Hersteller<\/p>\n<div class=\"pdp-attribute-list__value\" data-test-item_text=\"4myBaby GmbH\">\n<div>4myBaby GmbH<\/div>\n<\/div>\n<\/div>\n<div class=\"pdp-attribute-list__item\">Fl\u00e4che<\/p>\n<div class=\"pdp-attribute-list__value\" data-test-item_text=\"0.6 m\u00b2\">\n<div class=\"rd-attribute-list__item-text\">\n<div>0.6 m\u00b2<\/div>\n<\/div>\n<\/div>\n<\/div>\n<div class=\"pdp-attribute-list__item\">Herstellernummer<\/p>\n<div class=\"pdp-attribute-list__value\" data-test-item_text=\"BUCHE-25cm-15-X6\">\n<div class=\"rd-attribute-list__item-text\">\n<div>BUCHE-25cm-15-X6<\/div>\n<\/div>\n<\/div>\n<\/div>\n<div class=\"pdp-attribute-list__item\">EAN<\/p>\n<div class=\"pdp-attribute-list__value\" data-test-item_text=\"4058744903305\">\n<div class=\"rd-attribute-list__item-text\">\n<div>4058744903305<\/div>\n<\/div>\n<\/div>\n<\/div>\n<\/section>\n<\/div>","protected":false},"featured_media":21034,"comment_status":"open","ping_status":"closed","template":"","meta":[],"product_brand":[],"product_cat":[231],"product_tag":[],"class_list":{"0":"post-21004","1":"product","2":"type-product","3":"status-publish","4":"has-post-thumbnail","6":"product_cat-brennholz","8":"first","9":"instock","10":"taxable","11":"shipping-taxable","12":"purchasable","13":"product-type-simple"},"_links":{"self":[{"href":"https:\/\/brunboisdechauffage.at\/de\/wp-json\/wp\/v2\/product\/21004","targetHints":{"allow":["GET"]}}],"collection":[{"href":"https:\/\/brunboisdechauffage.at\/de\/wp-json\/wp\/v2\/product"}],"about":[{"href":"https:\/\/brunboisdechauffage.at\/de\/wp-json\/wp\/v2\/types\/product"}],"replies":[{"embeddable":true,"href":"https:\/\/brunboisdechauffage.at\/de\/wp-json\/wp\/v2\/comments?post=21004"}],"wp:featuredmedia":[{"embeddable":true,"href":"https:\/\/brunboisdechauffage.at\/de\/wp-json\/wp\/v2\/media\/21034"}],"wp:attachment":[{"href":"https:\/\/brunboisdechauffage.at\/de\/wp-json\/wp\/v2\/media?parent=21004"}],"wp:term":[{"taxonomy":"product_brand","embeddable":true,"href":"https:\/\/brunboisdechauffage.at\/de\/wp-json\/wp\/v2\/product_brand?post=21004"},{"taxonomy":"product_cat","embeddable":true,"href":"https:\/\/brunboisdechauffage.at\/de\/wp-json\/wp\/v2\/product_cat?post=21004"},{"taxonomy":"product_tag","embeddable":true,"href":"https:\/\/brunboisdechauffage.at\/de\/wp-json\/wp\/v2\/product_tag?post=21004"}],"curies":[{"name":"wp","href":"https:\/\/api.w.org\/{rel}","templated":true}]}}