{"id":21002,"date":"2026-01-26T09:48:47","date_gmt":"2026-01-26T09:48:47","guid":{"rendered":"https:\/\/brunboisdechauffage.at\/?post_type=product&#038;p=21002"},"modified":"2026-01-26T09:48:56","modified_gmt":"2026-01-26T09:48:56","slug":"holzbrx-brennholz-buche-25cm-scheitlange-2rm-3srm-kammergetrocknet-sortenrein-frei-von-storstoffen-4-2-kwh-kg-90x130x220-cm","status":"publish","type":"product","link":"https:\/\/brunboisdechauffage.at\/de\/product\/holzbrx-brennholz-buche-25cm-scheitlange-2rm-3srm-kammergetrocknet-sortenrein-frei-von-storstoffen-4-2-kwh-kg-90x130x220-cm\/","title":{"rendered":"holzbrx Brennholz Buche, 25cm Scheitl\u00e4nge, 2RM \/ 3SRM, kammergetrocknet, sortenrein, frei von St\u00f6rstoffen, 4.2 kWh\/kg, 90x130x220 cm"},"content":{"rendered":"<h2 class=\"pdp-expandable-section__title\">Produktbeschreibung &amp; Produktdaten<\/h2>\n<div class=\"pdp-expandable-section__content\">\n<div class=\"pdp-product-description__grid\">\n<div class=\"pdp-product-description__section\" role=\"region\" aria-label=\"Produktinformationen\">\n<div>\n<p>Material:Buche<\/p>\n<p>Heizwert:ca. 4,2 kWh\/kg<\/p>\n<p>Palettengewicht:1000 &#8211; 1100 kg<\/p>\n<p>Restfeuchte:&lt; 20%<\/p>\n<p>Trocknung:kammergetrocknet<\/p>\n<p>Menge pro Palette:2RM\/3SRM<\/p>\n<p>Palettenma\u00df (LxBxH):90 x 130 x 220 cm<\/p>\n<p>Abmessung:25cm Scheitl\u00e4nge<\/p>\n<p>Abpackung:stabile Bretterbox \/ Einweg<\/p>\n<p>Sie sind auf der Suche nach trockenem Brennholz? Dann sind Sie bei HOLZBRX.de genau richtig. Wir sind Ihr zuverl\u00e4ssiger Lieferant f\u00fcr Brennholz mit mehr als 10 Jahren Erfahrung. Unser sortenreines Brennholz ist kammergetrocknet mit maximal 20% Restfeuchte im Kern und frei von jeglichen St\u00f6rstoffen. Sie k\u00f6nnen Ihr Kaminfeuer maximal genie\u00dfen und m\u00fcssen sich nicht mit schlecht brennenden und qualmenden Brennholz rum\u00e4rgern. Das Brennholz ist in einer praktischen 1RM oder 2RM Holzbox sauber und platzsparend aufgestapelt und kann dort je nach Bedarf entnommen werden.<\/p>\n<\/div>\n<\/div>\n<div>\n<section aria-label=\"Produktdaten\">\n<div class=\"pdp-attribute-list__item\">\n<div class=\"pdp-attribute-list__value\" data-test-item_text=\"HOLZBRX\">\n<div class=\"rd-attribute-list__item-text\">\n<div><\/div>\n<\/div>\n<\/div>\n<\/div>\n<\/section>\n<\/div>\n<\/div>\n<\/div>","protected":false},"excerpt":{"rendered":"<div class=\"pdp-attribute-list__item\">Gewicht<\/p>\n<div class=\"pdp-attribute-list__value\" data-test-item_text=\"1000 kg\">\n<div class=\"rd-attribute-list__item-text\">\n<div>1000 kg<\/div>\n<\/div>\n<\/div>\n<\/div>\n<div class=\"pdp-attribute-list__item\">Brennholz-Art<\/p>\n<div class=\"pdp-attribute-list__value\" data-test-item_text=\"Holzscheite\">\n<div>Holzscheite<\/div>\n<\/div>\n<\/div>\n<div class=\"pdp-attribute-list__item\">Hersteller<\/p>\n<div class=\"pdp-attribute-list__value\" data-test-item_text=\"HOLZBRX\">\n<div>HOLZBRX<\/div>\n<\/div>\n<\/div>\n<div class=\"pdp-attribute-list__item\">Grundpreiseinheit<\/p>\n<div class=\"pdp-attribute-list__value\" data-test-item_text=\"kg\">\n<div class=\"rd-attribute-list__item-text\">\n<div>kg<\/div>\n<\/div>\n<\/div>\n<\/div>\n<div class=\"pdp-attribute-list__item\">EAN<\/p>\n<div class=\"pdp-attribute-list__value\" data-test-item_text=\"0724754240061\">\n<div class=\"rd-attribute-list__item-text\">\n<div>0724754240061<\/div>\n<\/div>\n<\/div>\n<\/div>\n<div class=\"pdp-attribute-list__item\">Herstellernummer<\/p>\n<div class=\"pdp-attribute-list__value\" data-test-item_text=\"HOLZBRX\">\n<div class=\"rd-attribute-list__item-text\">\n<div>HOLZBRX<\/div>\n<\/div>\n<\/div>\n<\/div>","protected":false},"featured_media":21032,"comment_status":"open","ping_status":"closed","template":"","meta":[],"product_brand":[],"product_cat":[231],"product_tag":[],"class_list":{"0":"post-21002","1":"product","2":"type-product","3":"status-publish","4":"has-post-thumbnail","6":"product_cat-brennholz","8":"first","9":"instock","10":"taxable","11":"shipping-taxable","12":"purchasable","13":"product-type-simple"},"_links":{"self":[{"href":"https:\/\/brunboisdechauffage.at\/de\/wp-json\/wp\/v2\/product\/21002","targetHints":{"allow":["GET"]}}],"collection":[{"href":"https:\/\/brunboisdechauffage.at\/de\/wp-json\/wp\/v2\/product"}],"about":[{"href":"https:\/\/brunboisdechauffage.at\/de\/wp-json\/wp\/v2\/types\/product"}],"replies":[{"embeddable":true,"href":"https:\/\/brunboisdechauffage.at\/de\/wp-json\/wp\/v2\/comments?post=21002"}],"wp:featuredmedia":[{"embeddable":true,"href":"https:\/\/brunboisdechauffage.at\/de\/wp-json\/wp\/v2\/media\/21032"}],"wp:attachment":[{"href":"https:\/\/brunboisdechauffage.at\/de\/wp-json\/wp\/v2\/media?parent=21002"}],"wp:term":[{"taxonomy":"product_brand","embeddable":true,"href":"https:\/\/brunboisdechauffage.at\/de\/wp-json\/wp\/v2\/product_brand?post=21002"},{"taxonomy":"product_cat","embeddable":true,"href":"https:\/\/brunboisdechauffage.at\/de\/wp-json\/wp\/v2\/product_cat?post=21002"},{"taxonomy":"product_tag","embeddable":true,"href":"https:\/\/brunboisdechauffage.at\/de\/wp-json\/wp\/v2\/product_tag?post=21002"}],"curies":[{"name":"wp","href":"https:\/\/api.w.org\/{rel}","templated":true}]}}