{"id":21000,"date":"2026-01-26T09:48:47","date_gmt":"2026-01-26T09:48:47","guid":{"rendered":"https:\/\/brunboisdechauffage.at\/?post_type=product&#038;p=21000"},"modified":"2026-01-26T09:48:55","modified_gmt":"2026-01-26T09:48:55","slug":"vidaxl-brennholzlager-verzinkter-stahl-grau-330x92x153-cm-langlebig-pflegeleicht-stabil-beluftet-mit-wasserablauf-einfache-montage","status":"publish","type":"product","link":"https:\/\/brunboisdechauffage.at\/de\/product\/vidaxl-brennholzlager-verzinkter-stahl-grau-330x92x153-cm-langlebig-pflegeleicht-stabil-beluftet-mit-wasserablauf-einfache-montage\/","title":{"rendered":"vidaXL Brennholzlager, verzinkter Stahl, Grau, 330x92x153 cm, langlebig, pflegeleicht, stabil, bel\u00fcftet, mit Wasserablauf, einfache Montage"},"content":{"rendered":"<h2 class=\"pdp-expandable-section__title\">Produktbeschreibung &amp; Produktdaten<\/h2>\n<div class=\"pdp-expandable-section__content\">\n<div class=\"pdp-product-description__grid\">\n<div class=\"pdp-product-description__section\" role=\"region\" aria-label=\"Produktinformationen\">\n<div>\n<p>Dieser Holzschuppen bietet eine hervorragende Lagerl\u00f6sung f\u00fcr Brennholz.<\/p>\n<p>&nbsp;<\/p>\n<p>Er verf\u00fcgt \u00fcber eine stabile Konstruktion mit Stahlst\u00fctzstangen und zus\u00e4tzlichen Rohren an beiden Seiten. Dank der Fertigung aus verzinktem Stahl ist der Brennholzschuppen \u00e4u\u00dferst wartungsarm und langlebig. Der Stahlbodenrahmen sorgt f\u00fcr zus\u00e4tzliche Stabilit\u00e4t, und die erh\u00f6hten Bodenlatten halten die Holzscheite bel\u00fcftet und trocken. Dank der schr\u00e4gen Bauweise wird Regenwasser automatisch vom Dach abgeleitet. Unser Brennholzschuppen ist einfach zu montieren.<\/p>\n<p>&nbsp;<\/p>\n<p>Halten Sie Ihr Brennholz in diesem soliden und kompakten Holzschuppen geordnet, gestapelt und bel\u00fcftet!<\/p>\n<p>&nbsp;<\/p>\n<p>Gut zu wissen:<\/p>\n<ul>\n<li>Um Sch\u00e4den durch starken Schnee zu vermeiden, empfehlen wir, das Dach im Winter regelm\u00e4\u00dfig zu r\u00e4umen.<\/li>\n<\/ul>\n<ul>\n<li>Farbe: Grau<\/li>\n<li>Material: Verzinkter Stahl<\/li>\n<li>Abmessungen: 330 x 92 x 144\/153 cm (L x B x H)<\/li>\n<li>Mit zus\u00e4tzlichen Rohren auf beiden Seiten<\/li>\n<\/ul>\n<\/div>\n<\/div>\n<div>\n<section aria-label=\"Produktdaten\">\n<div class=\"pdp-attribute-list__item\">\n<div class=\"pdp-attribute-list__value\" data-test-item_text=\"44860\">\n<div class=\"rd-attribute-list__item-text\">\n<div><\/div>\n<\/div>\n<\/div>\n<\/div>\n<\/section>\n<\/div>\n<\/div>\n<\/div>","protected":false},"excerpt":{"rendered":"<div class=\"pdp-attribute-list__item\">Hersteller<\/p>\n<div class=\"pdp-attribute-list__value\" data-test-item_text=\"vidaXL\">\n<div>vidaXL<\/div>\n<\/div>\n<\/div>\n<div class=\"pdp-attribute-list__item\">L\u00e4nge<\/p>\n<div class=\"pdp-attribute-list__value\" data-test-item_text=\"330 cm\">\n<div class=\"rd-attribute-list__item-text\">\n<div>330 cm<\/div>\n<\/div>\n<\/div>\n<\/div>\n<div class=\"pdp-attribute-list__item\">Gewicht<\/p>\n<div class=\"pdp-attribute-list__value\" data-test-item_text=\"25 kg\">\n<div class=\"rd-attribute-list__item-text\">\n<div>25 kg<\/div>\n<\/div>\n<\/div>\n<\/div>\n<div class=\"pdp-attribute-list__item\">Brennholz-Art<\/p>\n<div class=\"pdp-attribute-list__value\" data-test-item_text=\"Holzscheite\">\n<div>Holzscheite<\/div>\n<\/div>\n<\/div>\n<div class=\"pdp-attribute-list__item\">Breite<\/p>\n<div class=\"pdp-attribute-list__value\" data-test-item_text=\"92 cm\">\n<div class=\"rd-attribute-list__item-text\">\n<div>92 cm<\/div>\n<\/div>\n<\/div>\n<\/div>\n<div class=\"pdp-attribute-list__item\">EAN<\/p>\n<div class=\"pdp-attribute-list__value\" data-test-item_text=\"8718475709138\">\n<div class=\"rd-attribute-list__item-text\">\n<div>8718475709138<\/div>\n<\/div>\n<\/div>\n<\/div>\n<div class=\"pdp-attribute-list__item\">Herstellernummer<\/p>\n<div class=\"pdp-attribute-list__value\" data-test-item_text=\"44860\">\n<div class=\"rd-attribute-list__item-text\">\n<div>44860<\/div>\n<\/div>\n<\/div>\n<\/div>","protected":false},"featured_media":21030,"comment_status":"open","ping_status":"closed","template":"","meta":[],"product_brand":[],"product_cat":[231],"product_tag":[],"class_list":{"0":"post-21000","1":"product","2":"type-product","3":"status-publish","4":"has-post-thumbnail","6":"product_cat-brennholz","8":"first","9":"instock","10":"taxable","11":"shipping-taxable","12":"purchasable","13":"product-type-simple"},"_links":{"self":[{"href":"https:\/\/brunboisdechauffage.at\/de\/wp-json\/wp\/v2\/product\/21000","targetHints":{"allow":["GET"]}}],"collection":[{"href":"https:\/\/brunboisdechauffage.at\/de\/wp-json\/wp\/v2\/product"}],"about":[{"href":"https:\/\/brunboisdechauffage.at\/de\/wp-json\/wp\/v2\/types\/product"}],"replies":[{"embeddable":true,"href":"https:\/\/brunboisdechauffage.at\/de\/wp-json\/wp\/v2\/comments?post=21000"}],"wp:featuredmedia":[{"embeddable":true,"href":"https:\/\/brunboisdechauffage.at\/de\/wp-json\/wp\/v2\/media\/21030"}],"wp:attachment":[{"href":"https:\/\/brunboisdechauffage.at\/de\/wp-json\/wp\/v2\/media?parent=21000"}],"wp:term":[{"taxonomy":"product_brand","embeddable":true,"href":"https:\/\/brunboisdechauffage.at\/de\/wp-json\/wp\/v2\/product_brand?post=21000"},{"taxonomy":"product_cat","embeddable":true,"href":"https:\/\/brunboisdechauffage.at\/de\/wp-json\/wp\/v2\/product_cat?post=21000"},{"taxonomy":"product_tag","embeddable":true,"href":"https:\/\/brunboisdechauffage.at\/de\/wp-json\/wp\/v2\/product_tag?post=21000"}],"curies":[{"name":"wp","href":"https:\/\/api.w.org\/{rel}","templated":true}]}}