{"id":20995,"date":"2026-01-26T09:48:47","date_gmt":"2026-01-26T09:48:47","guid":{"rendered":"https:\/\/brunboisdechauffage.at\/?post_type=product&#038;p=20995"},"modified":"2026-01-26T09:48:53","modified_gmt":"2026-01-26T09:48:53","slug":"holzbrx-brennholz-buche-500kg-25cm-ofenfertig-kammergetrocknet-auf-palette","status":"publish","type":"product","link":"https:\/\/brunboisdechauffage.at\/de\/product\/holzbrx-brennholz-buche-500kg-25cm-ofenfertig-kammergetrocknet-auf-palette\/","title":{"rendered":"holzbrx Brennholz Buche 500kg 25cm ofenfertig kammergetrocknet auf Palette <18% Restfeuchte"},"content":{"rendered":"<h2 class=\"pdp-expandable-section__title\">Produktbeschreibung &amp; Produktdaten<\/h2>\n<div class=\"pdp-expandable-section__content\">\n<div class=\"pdp-product-description__grid\">\n<div class=\"pdp-product-description__section\" role=\"region\" aria-label=\"Produktinformationen\">\n<div>\n<p>Wir liefern Ihnen handverlesenes und ofenfertiges Buchenbrennholz aus eigener, nachhaltiger Verarbeitung.<\/p>\n<p>Das Holz ist kammergetrocknet und hat eine Restfeuchte von weniger als 18%. Sie k\u00f6nnen also sofort loslegen und die angenehme Atmosph\u00e4re eines gem\u00fctlichen Kaminfeuers genie\u00dfen.<\/p>\n<p>Lieferumfang (1 Palette):<\/p>\n<p>500kg Buchenholz in Scheiten<\/p>\n<\/div>\n<\/div>\n<div>\n<section aria-label=\"Produktdaten\">\n<div class=\"pdp-attribute-list__item\">\n<div class=\"pdp-attribute-list__value\" data-test-item_text=\"BK25500kg1,5kgAZ\">\n<div class=\"rd-attribute-list__item-text\">\n<div><\/div>\n<\/div>\n<\/div>\n<\/div>\n<\/section>\n<\/div>\n<\/div>\n<\/div>","protected":false},"excerpt":{"rendered":"<div class=\"pdp-attribute-list__item\">Grundpreiseinheit<\/p>\n<div class=\"pdp-attribute-list__value\" data-test-item_text=\"kg\">\n<div class=\"rd-attribute-list__item-text\">\n<div>kg<\/div>\n<\/div>\n<\/div>\n<\/div>\n<div class=\"pdp-attribute-list__item\">Brennholz-Art<\/p>\n<div class=\"pdp-attribute-list__value\" data-test-item_text=\"Holzscheite\">\n<div>Holzscheite<\/div>\n<\/div>\n<\/div>\n<div class=\"pdp-attribute-list__item\">Hersteller<\/p>\n<div class=\"pdp-attribute-list__value\" data-test-item_text=\"HOLZBRX\">\n<div>HOLZBRX<\/div>\n<\/div>\n<\/div>\n<div class=\"pdp-attribute-list__item\">Ma\u00dfe<\/p>\n<div class=\"pdp-attribute-list__value\" data-test-item_text=\"90x120x120cm\">\n<div class=\"rd-attribute-list__item-text\">\n<div>90x120x120cm<\/div>\n<\/div>\n<\/div>\n<\/div>\n<div class=\"pdp-attribute-list__item\">Gewicht<\/p>\n<div class=\"pdp-attribute-list__value\" data-test-item_text=\"500 kg\">\n<div class=\"rd-attribute-list__item-text\">\n<div>500 kg<\/div>\n<\/div>\n<\/div>\n<\/div>\n<div class=\"pdp-attribute-list__item\">EAN<\/p>\n<div class=\"pdp-attribute-list__value\" data-test-item_text=\"0765588470637\">\n<div class=\"rd-attribute-list__item-text\">\n<div>0765588470637<\/div>\n<\/div>\n<\/div>\n<\/div>\n<div class=\"pdp-attribute-list__item\">Herstellernummer<\/p>\n<div class=\"pdp-attribute-list__value\" data-test-item_text=\"BK25500kg1,5kgAZ\">\n<div class=\"rd-attribute-list__item-text\">\n<div>BK25500kg1,5kgAZ<\/div>\n<\/div>\n<\/div>\n<\/div>","protected":false},"featured_media":21025,"comment_status":"open","ping_status":"closed","template":"","meta":[],"product_brand":[],"product_cat":[231],"product_tag":[],"class_list":{"0":"post-20995","1":"product","2":"type-product","3":"status-publish","4":"has-post-thumbnail","6":"product_cat-brennholz","8":"first","9":"instock","10":"taxable","11":"shipping-taxable","12":"purchasable","13":"product-type-simple"},"_links":{"self":[{"href":"https:\/\/brunboisdechauffage.at\/de\/wp-json\/wp\/v2\/product\/20995","targetHints":{"allow":["GET"]}}],"collection":[{"href":"https:\/\/brunboisdechauffage.at\/de\/wp-json\/wp\/v2\/product"}],"about":[{"href":"https:\/\/brunboisdechauffage.at\/de\/wp-json\/wp\/v2\/types\/product"}],"replies":[{"embeddable":true,"href":"https:\/\/brunboisdechauffage.at\/de\/wp-json\/wp\/v2\/comments?post=20995"}],"wp:featuredmedia":[{"embeddable":true,"href":"https:\/\/brunboisdechauffage.at\/de\/wp-json\/wp\/v2\/media\/21025"}],"wp:attachment":[{"href":"https:\/\/brunboisdechauffage.at\/de\/wp-json\/wp\/v2\/media?parent=20995"}],"wp:term":[{"taxonomy":"product_brand","embeddable":true,"href":"https:\/\/brunboisdechauffage.at\/de\/wp-json\/wp\/v2\/product_brand?post=20995"},{"taxonomy":"product_cat","embeddable":true,"href":"https:\/\/brunboisdechauffage.at\/de\/wp-json\/wp\/v2\/product_cat?post=20995"},{"taxonomy":"product_tag","embeddable":true,"href":"https:\/\/brunboisdechauffage.at\/de\/wp-json\/wp\/v2\/product_tag?post=20995"}],"curies":[{"name":"wp","href":"https:\/\/api.w.org\/{rel}","templated":true}]}}