{"id":20994,"date":"2026-01-26T09:48:47","date_gmt":"2026-01-26T09:48:47","guid":{"rendered":"https:\/\/brunboisdechauffage.at\/?post_type=product&#038;p=20994"},"modified":"2026-01-26T09:48:53","modified_gmt":"2026-01-26T09:48:53","slug":"holzbrx-brennholz-buche-25-cm-210-kg-ofenfertig-unter-18-restfeuchte-scheite-im-karton-inkl-5-holzwollanzunder-handverlesen","status":"publish","type":"product","link":"https:\/\/brunboisdechauffage.at\/de\/product\/holzbrx-brennholz-buche-25-cm-210-kg-ofenfertig-unter-18-restfeuchte-scheite-im-karton-inkl-5-holzwollanzunder-handverlesen\/","title":{"rendered":"holzbrx Brennholz Buche, 25 cm, 210 kg, ofenfertig, unter 18% Restfeuchte, Scheite im Karton, inkl. 5 Holzwollanz\u00fcnder, handverlesen"},"content":{"rendered":"<h2 class=\"pdp-expandable-section__title\">Produktbeschreibung &amp; Produktdaten<\/h2>\n<div class=\"pdp-expandable-section__content\">\n<div class=\"pdp-product-description__grid\">\n<div class=\"pdp-product-description__section\" role=\"region\" aria-label=\"Produktinformationen\">\n<div>\n<p>Wir liefern Ihnen handverlesenes und ofenfertiges Buchenbrennholz aus eigener, nachhaltiger Verarbeitung.<\/p>\n<p>Das Holz ist kammergetrocknet und hat eine Restfeuchte von weniger als 18%. Sie k\u00f6nnen also sofort loslegen und die angenehme Atmosph\u00e4re eines gem\u00fctlichen Kaminfeuers genie\u00dfen.<\/p>\n<p>Lieferumfang (7 Kartons):<\/p>\n<p>210kg Buchenholz in Scheiten<\/p>\n<\/div>\n<\/div>\n<div>\n<section aria-label=\"Produktdaten\">\n<div class=\"pdp-attribute-list__item\">\n<div class=\"pdp-attribute-list__value\" data-test-item_text=\"BK25210kg5AZ\">\n<div class=\"rd-attribute-list__item-text\">\n<div><\/div>\n<\/div>\n<\/div>\n<\/div>\n<\/section>\n<\/div>\n<\/div>\n<\/div>","protected":false},"excerpt":{"rendered":"<div class=\"pdp-product-description__section\" role=\"region\" aria-label=\"Produktinformationen\">\n<div>\n<p>5 St\u00fcck Holzwollanz\u00fcnder<\/p>\n<\/div>\n<\/div>\n<div>\n<section aria-label=\"Produktdaten\">\n<div class=\"pdp-attribute-list__item\">Hersteller<\/p>\n<div class=\"pdp-attribute-list__value\" data-test-item_text=\"HOLZBRX\">\n<div>HOLZBRX<\/div>\n<\/div>\n<\/div>\n<div class=\"pdp-attribute-list__item\">Gewicht<\/p>\n<div class=\"pdp-attribute-list__value\" data-test-item_text=\"210 kg\">\n<div class=\"rd-attribute-list__item-text\">\n<div>210 kg<\/div>\n<\/div>\n<\/div>\n<\/div>\n<div class=\"pdp-attribute-list__item\">Brennholz-Art<\/p>\n<div class=\"pdp-attribute-list__value\" data-test-item_text=\"Holzscheite\">\n<div>Holzscheite<\/div>\n<\/div>\n<\/div>\n<div class=\"pdp-attribute-list__item\">Grundpreiseinheit<\/p>\n<div class=\"pdp-attribute-list__value\" data-test-item_text=\"kg\">\n<div class=\"rd-attribute-list__item-text\">\n<div>kg<\/div>\n<\/div>\n<\/div>\n<\/div>\n<div class=\"pdp-attribute-list__item\">EAN<\/p>\n<div class=\"pdp-attribute-list__value\" data-test-item_text=\"0765588470613\">\n<div class=\"rd-attribute-list__item-text\">\n<div>0765588470613<\/div>\n<\/div>\n<\/div>\n<\/div>\n<div class=\"pdp-attribute-list__item\">Herstellernummer<\/p>\n<div class=\"pdp-attribute-list__value\" data-test-item_text=\"BK25210kg5AZ\">\n<div class=\"rd-attribute-list__item-text\">\n<div>BK25210kg5AZ<\/div>\n<\/div>\n<\/div>\n<\/div>\n<\/section>\n<\/div>","protected":false},"featured_media":21024,"comment_status":"open","ping_status":"closed","template":"","meta":[],"product_brand":[],"product_cat":[231],"product_tag":[],"class_list":{"0":"post-20994","1":"product","2":"type-product","3":"status-publish","4":"has-post-thumbnail","6":"product_cat-brennholz","8":"first","9":"instock","10":"taxable","11":"shipping-taxable","12":"purchasable","13":"product-type-simple"},"_links":{"self":[{"href":"https:\/\/brunboisdechauffage.at\/de\/wp-json\/wp\/v2\/product\/20994","targetHints":{"allow":["GET"]}}],"collection":[{"href":"https:\/\/brunboisdechauffage.at\/de\/wp-json\/wp\/v2\/product"}],"about":[{"href":"https:\/\/brunboisdechauffage.at\/de\/wp-json\/wp\/v2\/types\/product"}],"replies":[{"embeddable":true,"href":"https:\/\/brunboisdechauffage.at\/de\/wp-json\/wp\/v2\/comments?post=20994"}],"wp:featuredmedia":[{"embeddable":true,"href":"https:\/\/brunboisdechauffage.at\/de\/wp-json\/wp\/v2\/media\/21024"}],"wp:attachment":[{"href":"https:\/\/brunboisdechauffage.at\/de\/wp-json\/wp\/v2\/media?parent=20994"}],"wp:term":[{"taxonomy":"product_brand","embeddable":true,"href":"https:\/\/brunboisdechauffage.at\/de\/wp-json\/wp\/v2\/product_brand?post=20994"},{"taxonomy":"product_cat","embeddable":true,"href":"https:\/\/brunboisdechauffage.at\/de\/wp-json\/wp\/v2\/product_cat?post=20994"},{"taxonomy":"product_tag","embeddable":true,"href":"https:\/\/brunboisdechauffage.at\/de\/wp-json\/wp\/v2\/product_tag?post=20994"}],"curies":[{"name":"wp","href":"https:\/\/api.w.org\/{rel}","templated":true}]}}