{"id":20991,"date":"2026-01-26T09:48:46","date_gmt":"2026-01-26T09:48:46","guid":{"rendered":"https:\/\/brunboisdechauffage.at\/?post_type=product&#038;p=20991"},"modified":"2026-01-26T09:48:51","modified_gmt":"2026-01-26T09:48:51","slug":"holzbrx-buchen-holzbriketts-960-kg-96x10-kg-lange-glutdauer-gleichmasige-verbrennung-formstabil-300-400-bar","status":"publish","type":"product","link":"https:\/\/brunboisdechauffage.at\/de\/product\/holzbrx-buchen-holzbriketts-960-kg-96x10-kg-lange-glutdauer-gleichmasige-verbrennung-formstabil-300-400-bar\/","title":{"rendered":"holzbrx Buchen-Holzbriketts 960 kg (96&#215;10 kg) \u2013 lange Glutdauer, gleichm\u00e4\u00dfige Verbrennung, formstabil, 300-400 bar"},"content":{"rendered":"<h2 class=\"pdp-expandable-section__title\">Produktbeschreibung &amp; Produktdaten<\/h2>\n<div class=\"pdp-expandable-section__content\">\n<div class=\"pdp-product-description__grid\">\n<div class=\"pdp-product-description__section\" role=\"region\" aria-label=\"Produktinformationen\">\n<div>\n<p>Die Buchenholzbriketts bestehen ausschlie\u00dflich aus sehr feinen Bestandteilen (S\u00e4gemehl und S\u00e4gestaub). Aufgrund des ausgesuchtem Materials und wegen der hohen Kompression (300 &#8211; 400 bar), sind die Buchenholzbriketts ein sehr sauberes, kompaktes und universell einsetzbares Produkt. Die Verbrennung erfolgt recht gleichm\u00e4\u00dfig und ruhig. Das Brikett verh\u00e4lt sich dabei recht starr. Es beh\u00e4lt sehr sch\u00f6n die Form und gl\u00fcht langsam und gleichm\u00e4\u00dfig durch. Sollten Sie nach etwa 1 Stunde Flammdauer das Flammbild vermissen, dann legen Sie einfach ein neues Brikett, etwas Holz oder ein paar St\u00fcckchen Nadelholzbriketts nach. Die Buchenholzbriketts sorgen f\u00fcr die Glutdauer.<\/p>\n<\/div>\n<\/div>\n<div>\n<section aria-label=\"Produktdaten\">\n<div class=\"pdp-attribute-list__item\">\n<div class=\"pdp-attribute-list__value\" data-test-item_text=\"724754239782\">\n<div class=\"rd-attribute-list__item-text\">\n<div><\/div>\n<\/div>\n<\/div>\n<\/div>\n<\/section>\n<\/div>\n<\/div>\n<\/div>","protected":false},"excerpt":{"rendered":"<div class=\"pdp-attribute-list__item\">Grundpreiseinheit<\/p>\n<div class=\"pdp-attribute-list__value\" data-test-item_text=\"kg\">\n<div class=\"rd-attribute-list__item-text\">\n<div>kg<\/div>\n<\/div>\n<\/div>\n<\/div>\n<div class=\"pdp-attribute-list__item\">Brennholz-Art<\/p>\n<div class=\"pdp-attribute-list__value\" data-test-item_text=\"Briketts\">\n<div>Briketts<\/div>\n<\/div>\n<\/div>\n<div class=\"pdp-attribute-list__item\">Gewicht<\/p>\n<div class=\"pdp-attribute-list__value\" data-test-item_text=\"960 kg\">\n<div class=\"rd-attribute-list__item-text\">\n<div>960 kg<\/div>\n<\/div>\n<\/div>\n<\/div>\n<div class=\"pdp-attribute-list__item\">Hersteller<\/p>\n<div class=\"pdp-attribute-list__value\" data-test-item_text=\"HOLZBRX\">\n<div>HOLZBRX<\/div>\n<\/div>\n<\/div>\n<div class=\"pdp-attribute-list__item\">Herstellernummer<\/p>\n<div class=\"pdp-attribute-list__value\" data-test-item_text=\"B009G\">\n<div class=\"rd-attribute-list__item-text\">\n<div>B009G<\/div>\n<\/div>\n<\/div>\n<\/div>\n<div class=\"pdp-attribute-list__item\">EAN<\/p>\n<div class=\"pdp-attribute-list__value\" data-test-item_text=\"0724754239782\">\n<div class=\"rd-attribute-list__item-text\">\n<div>0724754239782<\/div>\n<\/div>\n<\/div>\n<div class=\"pdp-attribute-list__value\" data-test-item_text=\"724754239782\">\n<div class=\"rd-attribute-list__item-text\">\n<div>724754239782<\/div>\n<\/div>\n<\/div>\n<\/div>","protected":false},"featured_media":21021,"comment_status":"open","ping_status":"closed","template":"","meta":[],"product_brand":[],"product_cat":[231],"product_tag":[],"class_list":{"0":"post-20991","1":"product","2":"type-product","3":"status-publish","4":"has-post-thumbnail","6":"product_cat-brennholz","8":"first","9":"instock","10":"taxable","11":"shipping-taxable","12":"purchasable","13":"product-type-simple"},"_links":{"self":[{"href":"https:\/\/brunboisdechauffage.at\/de\/wp-json\/wp\/v2\/product\/20991","targetHints":{"allow":["GET"]}}],"collection":[{"href":"https:\/\/brunboisdechauffage.at\/de\/wp-json\/wp\/v2\/product"}],"about":[{"href":"https:\/\/brunboisdechauffage.at\/de\/wp-json\/wp\/v2\/types\/product"}],"replies":[{"embeddable":true,"href":"https:\/\/brunboisdechauffage.at\/de\/wp-json\/wp\/v2\/comments?post=20991"}],"wp:featuredmedia":[{"embeddable":true,"href":"https:\/\/brunboisdechauffage.at\/de\/wp-json\/wp\/v2\/media\/21021"}],"wp:attachment":[{"href":"https:\/\/brunboisdechauffage.at\/de\/wp-json\/wp\/v2\/media?parent=20991"}],"wp:term":[{"taxonomy":"product_brand","embeddable":true,"href":"https:\/\/brunboisdechauffage.at\/de\/wp-json\/wp\/v2\/product_brand?post=20991"},{"taxonomy":"product_cat","embeddable":true,"href":"https:\/\/brunboisdechauffage.at\/de\/wp-json\/wp\/v2\/product_cat?post=20991"},{"taxonomy":"product_tag","embeddable":true,"href":"https:\/\/brunboisdechauffage.at\/de\/wp-json\/wp\/v2\/product_tag?post=20991"}],"curies":[{"name":"wp","href":"https:\/\/api.w.org\/{rel}","templated":true}]}}