{"id":20989,"date":"2026-01-26T09:48:46","date_gmt":"2026-01-26T09:48:46","guid":{"rendered":"https:\/\/brunboisdechauffage.at\/?post_type=product&#038;p=20989"},"modified":"2026-01-26T09:48:50","modified_gmt":"2026-01-26T09:48:50","slug":"heizfuxx-heizbriketts-nestro-xl-nadelholz-blau-960-kg-96-x-10-kg-auf-palette-hoher-heizwert-geringe-aschebildung-fur-kachel-und-holzofen","status":"publish","type":"product","link":"https:\/\/brunboisdechauffage.at\/de\/product\/heizfuxx-heizbriketts-nestro-xl-nadelholz-blau-960-kg-96-x-10-kg-auf-palette-hoher-heizwert-geringe-aschebildung-fur-kachel-und-holzofen\/","title":{"rendered":"HEIZFUXX Heizbriketts Nestro XL, Nadelholz, Blau, 960 kg (96 x 10 kg) auf Palette \u2013 Hoher Heizwert, geringe Aschebildung, f\u00fcr Kachel- und Holz\u00f6fen"},"content":{"rendered":"<h2 class=\"pdp-expandable-section__title\">Produktbeschreibung &amp; Produktdaten<\/h2>\n<div class=\"pdp-expandable-section__content\">\n<div class=\"pdp-product-description__grid\">\n<div class=\"pdp-product-description__section\" role=\"region\" aria-label=\"Produktinformationen\">\n<div>\n<p>Die\u00a0Nestro XL Blue Weichholzbriketts von\u00a0PALIGO\u00a0sind eine exzellente Wahl f\u00fcr umweltbewusste Heizungen. Gefertigt aus hochwertigem Nadelholz, bieten sie eine schnelle und effiziente W\u00e4rmequelle. Sie zeichnen sich durch einen hohen Heizwert, schnelle W\u00e4rmeentwicklung und geringe\u00a0Aschebildung\u00a0aus. Diese Briketts sind ideal f\u00fcr Kachel\u00f6fen, Holz\u00f6fen und andere Feuerst\u00e4tten, und ihre praktische Form erleichtert die Lagerung und Handhabung. Die Briketts sind umweltfreundlich, wodurch sie eine saubere Heizalternative darstellen.<\/p>\n<\/div>\n<\/div>\n<div>\n<section aria-label=\"Produktdaten\">\n<div class=\"pdp-attribute-list__item\">\n<div class=\"pdp-attribute-list__value\" data-test-item_text=\"4260443340460\">\n<div class=\"rd-attribute-list__item-text\">\n<div><\/div>\n<\/div>\n<\/div>\n<\/div>\n<\/section>\n<\/div>\n<\/div>\n<\/div>","protected":false},"excerpt":{"rendered":"<div class=\"pdp-attribute-list__item\">Gewicht<\/p>\n<div class=\"pdp-attribute-list__value\" data-test-item_text=\"960 kg\">\n<div class=\"rd-attribute-list__item-text\">\n<div>960 kg<\/div>\n<\/div>\n<\/div>\n<\/div>\n<div class=\"pdp-attribute-list__item\">Breite<\/p>\n<div class=\"pdp-attribute-list__value\" data-test-item_text=\"80 cm\">\n<div class=\"rd-attribute-list__item-text\">\n<div>80 cm<\/div>\n<\/div>\n<\/div>\n<\/div>\n<div class=\"pdp-attribute-list__item\">Hersteller<\/p>\n<div class=\"pdp-attribute-list__value\" data-test-item_text=\"HEIZFUXX\">\n<div>HEIZFUXX<\/div>\n<\/div>\n<\/div>\n<div class=\"pdp-attribute-list__item\">L\u00e4nge<\/p>\n<div class=\"pdp-attribute-list__value\" data-test-item_text=\"120 cm\">\n<div class=\"rd-attribute-list__item-text\">\n<div>120 cm<\/div>\n<\/div>\n<\/div>\n<\/div>\n<div class=\"pdp-attribute-list__item\">Herstellernummer<\/p>\n<div class=\"pdp-attribute-list__value\" data-test-item_text=\"BNO1096\">\n<div class=\"rd-attribute-list__item-text\">\n<div>BNO1096<\/div>\n<\/div>\n<\/div>\n<\/div>\n<div class=\"pdp-attribute-list__item\">EAN<\/p>\n<div class=\"pdp-attribute-list__value\" data-test-item_text=\"4260443340460\">\n<div class=\"rd-attribute-list__item-text\">\n<div>4260443340460<\/div>\n<\/div>\n<\/div>\n<\/div>","protected":false},"featured_media":21019,"comment_status":"open","ping_status":"closed","template":"","meta":[],"product_brand":[],"product_cat":[231],"product_tag":[],"class_list":{"0":"post-20989","1":"product","2":"type-product","3":"status-publish","4":"has-post-thumbnail","6":"product_cat-brennholz","8":"first","9":"instock","10":"taxable","11":"shipping-taxable","12":"purchasable","13":"product-type-simple"},"_links":{"self":[{"href":"https:\/\/brunboisdechauffage.at\/de\/wp-json\/wp\/v2\/product\/20989","targetHints":{"allow":["GET"]}}],"collection":[{"href":"https:\/\/brunboisdechauffage.at\/de\/wp-json\/wp\/v2\/product"}],"about":[{"href":"https:\/\/brunboisdechauffage.at\/de\/wp-json\/wp\/v2\/types\/product"}],"replies":[{"embeddable":true,"href":"https:\/\/brunboisdechauffage.at\/de\/wp-json\/wp\/v2\/comments?post=20989"}],"wp:featuredmedia":[{"embeddable":true,"href":"https:\/\/brunboisdechauffage.at\/de\/wp-json\/wp\/v2\/media\/21019"}],"wp:attachment":[{"href":"https:\/\/brunboisdechauffage.at\/de\/wp-json\/wp\/v2\/media?parent=20989"}],"wp:term":[{"taxonomy":"product_brand","embeddable":true,"href":"https:\/\/brunboisdechauffage.at\/de\/wp-json\/wp\/v2\/product_brand?post=20989"},{"taxonomy":"product_cat","embeddable":true,"href":"https:\/\/brunboisdechauffage.at\/de\/wp-json\/wp\/v2\/product_cat?post=20989"},{"taxonomy":"product_tag","embeddable":true,"href":"https:\/\/brunboisdechauffage.at\/de\/wp-json\/wp\/v2\/product_tag?post=20989"}],"curies":[{"name":"wp","href":"https:\/\/api.w.org\/{rel}","templated":true}]}}