{"id":20988,"date":"2026-01-26T09:48:46","date_gmt":"2026-01-26T09:48:46","guid":{"rendered":"https:\/\/brunboisdechauffage.at\/?post_type=product&#038;p=20988"},"modified":"2026-01-26T09:48:50","modified_gmt":"2026-01-26T09:48:50","slug":"jsm-brennholz-brennholz-buche-25cm-scheitlange-16-srm-1-rm-1-palette-kammergetrocknet-ofenfertig-fur-kamin-ofen-grill","status":"publish","type":"product","link":"https:\/\/brunboisdechauffage.at\/de\/product\/jsm-brennholz-brennholz-buche-25cm-scheitlange-16-srm-1-rm-1-palette-kammergetrocknet-ofenfertig-fur-kamin-ofen-grill\/","title":{"rendered":"jsm-brennholz Brennholz Buche 25cm Scheitl\u00e4nge, 1,6 SRM \/ 1 RM, 1 Palette \u2013 kammergetrocknet, ofenfertig f\u00fcr Kamin, Ofen &#038; Grill"},"content":{"rendered":"<h2 class=\"pdp-expandable-section__title\">Produktbeschreibung &amp; Produktdaten<\/h2>\n<div class=\"pdp-expandable-section__content\">\n<div class=\"pdp-product-description__grid\">\n<div class=\"pdp-product-description__section\" role=\"region\" aria-label=\"Produktinformationen\">\n<div>\n<p>Sollten wir keine R\u00fcckmeldung von Ihnen erhalten, gehen wir davon aus, dass die Lieferung jederzeit ohne Terminabsprache erfolgen kann.<\/p>\n<p>100% umweltfreundliches Naturprodukt: extrem hoher Heizwert, lebhafte und hohe Flamme, lange Brenndauer, saubere und fast r\u00fcckstandsfreie Verbrennung, im weiteren Sinne CO2 neutral<\/p>\n<p>Kammergetrocknet: Restfeuchte von unter 20%, Pilz- und Schimmelfrei<\/p>\n<p>Ofenfertig, sauber verpackt und zur sofortigen Verbrennung geeignet<\/p>\n<p>Ideal f\u00fcr Grills, Kamin\u00f6fen, Kachel\u00f6fen, offene Kamine, Smoker, Feuerschalen und Lagerfeuer<\/p>\n<p>Ruhige Flammen, angenehmer Duft &#8211; wenn Sie sich entspannt vor Ihren Kamin zur\u00fcckziehen wollen, verbreitet Buche als Brennholz eine gem\u00fctliche Atmosph\u00e4re. Buchenholz w\u00e4rmt ausdauernd und effizient Das harte Holz der Buche brennt lange und langsam ab. Aufgrund seiner hohen Dichte entwickelt es schnell und bei vergleichsweise wenig Verbrauch eine wohlige W\u00e4rme. Die energetische Effizienz von Buchenholz l\u00e4sst sich anhand des ausgesprochen guten Heizwertes bemessen, der oft als Referenzwert f\u00fcr Brenn- und Heizwert anderer H\u00f6lzer zu Grunde gelegt wird. Trotz starker Glutbildung schl\u00e4gt Buche im Kamin wenig Funken. Damit Sie von den Eigenschaften dieses heimischen Holzes profitieren k\u00f6nnen, bieten wir das Kaminholz kammergetrocknet an und achten dabei auf beste Qualit\u00e4t. Der Duft von Buchenholz: Begehrt bei Genie\u00dfern Bei der Beheizung des Wohnbereichs zeichnet sich das hochwertige Brennholz durch sanftes Flackern aus. Die trockenen Holzscheite und Sp\u00e4ne ergeben ein h\u00fcbsches Flammbild, das Sie in famili\u00e4rem Ambiente genie\u00dfen k\u00f6nnen. Dezent erf\u00fcllt die Buche Ihren Wohnraum mit einem charakteristischen Geruch, den Kenner und Naturverbundene beim Grillen oder R\u00e4uchern von Lebensmitteln zu sch\u00e4tzen wissen. Kleine wie gro\u00dfe Mengen lassen sich in diesem Umfang kompakt f\u00fcr die Verwendung zu Hause zu lagern. Das begehrte Kaminholz liefern wir Ihnen in einer Box von einem Raummeter in 23-25 cm oder 30-33 cm Scheitl\u00e4nge, umgerechnet 1,6 Sch\u00fcttraummeter. Beste Qualit\u00e4t erhalten Sie bei uns auf Palette gestapelt, ofenfertig und kammergetrocknet.<\/p>\n<\/div>\n<\/div>\n<div>\n<section aria-label=\"Produktdaten\">\n<div class=\"pdp-attribute-list__item\">\n<div class=\"pdp-attribute-list__value\" data-test-item_text=\"680548660104\">\n<div class=\"rd-attribute-list__item-text\">\n<div><\/div>\n<\/div>\n<\/div>\n<\/div>\n<\/section>\n<\/div>\n<\/div>\n<\/div>","protected":false},"excerpt":{"rendered":"<div class=\"pdp-attribute-list__item\">Ma\u00dfe<\/p>\n<div class=\"pdp-attribute-list__value\" data-test-item_text=\"100 cm x 100 cm x 100 cm\">\n<div class=\"rd-attribute-list__item-text\">\n<div>100 cm x 100 cm x 100 cm<\/div>\n<\/div>\n<\/div>\n<\/div>\n<div class=\"pdp-attribute-list__item\">Hersteller<\/p>\n<div class=\"pdp-attribute-list__value\" data-test-item_text=\"HOLZBRX\">\n<div>HOLZBRX<\/div>\n<\/div>\n<\/div>\n<div class=\"pdp-attribute-list__item\">Inhalt<\/p>\n<div class=\"pdp-attribute-list__value\" data-test-item_text=\"1000 l\">\n<div class=\"rd-attribute-list__item-text\">\n<div>1000 l<\/div>\n<\/div>\n<\/div>\n<\/div>\n<div class=\"pdp-attribute-list__item\">Grundpreiseinheit<\/p>\n<div class=\"pdp-attribute-list__value\" data-test-item_text=\"kg\">\n<div class=\"rd-attribute-list__item-text\">\n<div>kg<\/div>\n<\/div>\n<\/div>\n<\/div>\n<div class=\"pdp-attribute-list__item\">Brennholz-Art<\/p>\n<div class=\"pdp-attribute-list__value\" data-test-item_text=\"Holzscheite\">\n<div>Holzscheite<\/div>\n<\/div>\n<\/div>\n<div class=\"pdp-attribute-list__item\">Gewicht<\/p>\n<div class=\"pdp-attribute-list__value\" data-test-item_text=\"500 kg\">\n<div class=\"rd-attribute-list__item-text\">\n<div>500 kg<\/div>\n<\/div>\n<\/div>\n<\/div>\n<div class=\"pdp-attribute-list__item\">Holzart \/ Dekor<\/p>\n<div class=\"pdp-attribute-list__value\" data-test-item_text=\"Buche\">\n<div>Buche<\/div>\n<\/div>\n<\/div>\n<div class=\"pdp-attribute-list__item\">Herstellernummer<\/p>\n<div class=\"pdp-attribute-list__value\" data-test-item_text=\"BBP25\">\n<div class=\"rd-attribute-list__item-text\">\n<div>BBP25<\/div>\n<\/div>\n<\/div>\n<\/div>\n<div class=\"pdp-attribute-list__item\">EAN<\/p>\n<div class=\"pdp-attribute-list__value\" data-test-item_text=\"0680548660104\">\n<div class=\"rd-attribute-list__item-text\">\n<div>0680548660104<\/div>\n<\/div>\n<\/div>\n<div class=\"pdp-attribute-list__value\" data-test-item_text=\"680548660104\">\n<div class=\"rd-attribute-list__item-text\">\n<div>680548660104<\/div>\n<\/div>\n<\/div>\n<\/div>","protected":false},"featured_media":21018,"comment_status":"open","ping_status":"closed","template":"","meta":[],"product_brand":[],"product_cat":[231],"product_tag":[],"class_list":{"0":"post-20988","1":"product","2":"type-product","3":"status-publish","4":"has-post-thumbnail","6":"product_cat-brennholz","8":"first","9":"instock","10":"taxable","11":"shipping-taxable","12":"purchasable","13":"product-type-simple"},"_links":{"self":[{"href":"https:\/\/brunboisdechauffage.at\/de\/wp-json\/wp\/v2\/product\/20988","targetHints":{"allow":["GET"]}}],"collection":[{"href":"https:\/\/brunboisdechauffage.at\/de\/wp-json\/wp\/v2\/product"}],"about":[{"href":"https:\/\/brunboisdechauffage.at\/de\/wp-json\/wp\/v2\/types\/product"}],"replies":[{"embeddable":true,"href":"https:\/\/brunboisdechauffage.at\/de\/wp-json\/wp\/v2\/comments?post=20988"}],"wp:featuredmedia":[{"embeddable":true,"href":"https:\/\/brunboisdechauffage.at\/de\/wp-json\/wp\/v2\/media\/21018"}],"wp:attachment":[{"href":"https:\/\/brunboisdechauffage.at\/de\/wp-json\/wp\/v2\/media?parent=20988"}],"wp:term":[{"taxonomy":"product_brand","embeddable":true,"href":"https:\/\/brunboisdechauffage.at\/de\/wp-json\/wp\/v2\/product_brand?post=20988"},{"taxonomy":"product_cat","embeddable":true,"href":"https:\/\/brunboisdechauffage.at\/de\/wp-json\/wp\/v2\/product_cat?post=20988"},{"taxonomy":"product_tag","embeddable":true,"href":"https:\/\/brunboisdechauffage.at\/de\/wp-json\/wp\/v2\/product_tag?post=20988"}],"curies":[{"name":"wp","href":"https:\/\/api.w.org\/{rel}","templated":true}]}}