{"id":20987,"date":"2026-01-26T09:48:46","date_gmt":"2026-01-26T09:48:46","guid":{"rendered":"https:\/\/brunboisdechauffage.at\/?post_type=product&#038;p=20987"},"modified":"2026-01-26T09:48:49","modified_gmt":"2026-01-26T09:48:49","slug":"holzbrx-premium-buchenholz-holzbriketts-auf-palette-%e2%8c%80-70mm-x-240mm-und-%e2%8c%80-70mm-x-280mm-mit-loch-in-der-mitte-hoher-pressdruck-ohne-abrieb-bruch-oder-abplatzungen","status":"publish","type":"product","link":"https:\/\/brunboisdechauffage.at\/de\/product\/holzbrx-premium-buchenholz-holzbriketts-auf-palette-%e2%8c%80-70mm-x-240mm-und-%e2%8c%80-70mm-x-280mm-mit-loch-in-der-mitte-hoher-pressdruck-ohne-abrieb-bruch-oder-abplatzungen\/","title":{"rendered":"holzbrx Premium Buchenholz Holzbriketts auf Palette, \u2300 70mm x 240mm und \u2300 70mm x 280mm, mit Loch in der Mitte, hoher Pressdruck, ohne Abrieb, Bruch oder Abplatzungen."},"content":{"rendered":"<h2 class=\"pdp-expandable-section__title\">Produktbeschreibung &amp; Produktdaten<\/h2>\n<div class=\"pdp-expandable-section__content\">\n<div class=\"pdp-product-description__grid\">\n<div class=\"pdp-product-description__section\" role=\"region\" aria-label=\"Produktinformationen\">\n<div>\n<p>Die Pini&amp;Kay Buchenholzbriketts PREMIUM sind im Vergleich zu den vierkantigen Pini Kay Briketts dicker und massiger. Dadurch ergibt sich eine noch l\u00e4ngere Glutzeit. Die Holzbrikettssind sehr hochwertig verarbeitet, ohne Abrieb, Bruch oder Abplatzungen. Die einzelnen Briketts sind sauber abges\u00e4gt und zu je 12 St\u00fcck in einer festen Schrumpffolie verpackt. Wer hohe Anspr\u00fcche an Holzbriketts hat, der wird die Pini&amp;Kay Buchenholzbriketts PREMIUM nicht mehr tauschen wollen. Von allen Holzbriketts sind diese Buchenholzbriketts am besten verarbeitet und durch den hohen Pressdruck und durch das edle Material, in den Verbrennungseigenschaften unangefochten.<\/p>\n<p>Allgemein zu Pini Kay Holzbriketts: Hingegen zu anderen Holzbriketts, die mit einem Druck von ca. 300-400 bar schon ordentlich gepresst werden, wird bei Pini Kay Briketts das Material mit ca. 1000 &#8211; 1100 bar zusammengedr\u00fcckt. Je nach Hersteller der Pressen k\u00f6nnen die Formen etwas variieren. Durch den hohen Druck entsteht auch eine enorme Reibungsw\u00e4rme, wodurch die Briketts au\u00dfen eine sehr glatte, schwarz-braune Schicht aus verbrannten Holz haben. Das Loch in der Mitte ist ebenfalls typisch f\u00fcr diesen Brikett-Typ. Die Briketts brennen sehr stark (auch durch die Zugwirkung des Lochs), sind sehr formstabil und geben eine sehr intensive W\u00e4rme ab. Das verwendete Hartholz sorgt f\u00fcr eine entsprechend lange Glutdauer.<\/p>\n<p>Material:Buche<\/p>\n<p>Form:Pini &amp; Kay<\/p>\n<p>Abmessung:\u2300 70mm x 280mm (60&#215;60 mm), \u00d8 70mm x 240 mm (60&#215;60 mm)<\/p>\n<p>Ascheanfall:0,5 &#8211; 0,7 %, 0,7 &#8211; 0,9 %<\/p>\n<p>Flammdauer:ca. 1,5 &#8211; 2 Stunden<\/p>\n<p>Glutdauer:ca. 2,5 &#8211; 3 Stunden<\/p>\n<p>Heizwert:ca. 5,2 kWh\/kg<\/p>\n<p>Abpackung:Schrumpffolie<\/p>\n<p>Paketabmessung:18 x 24 x 25 cm<\/p>\n<\/div>\n<\/div>\n<div>\n<section aria-label=\"Produktdaten\">\n<div class=\"pdp-attribute-list__item\">\n<div class=\"pdp-attribute-list__value\" data-test-item_text=\"B003G\">\n<div class=\"rd-attribute-list__item-text\">\n<div><\/div>\n<\/div>\n<\/div>\n<\/div>\n<\/section>\n<\/div>\n<\/div>\n<\/div>","protected":false},"excerpt":{"rendered":"<div class=\"pdp-product-description__section\" role=\"region\" aria-label=\"Produktinformationen\">\n<div>\n<p>St\u00fcck pro Einzelpaket:12 St\u00fcck<\/p>\n<p>Gewicht pro Paket:10 kg<\/p>\n<p>Menge pro Palette:96 x 10kg P\u00e4ckchen<\/p>\n<p>Palettenma\u00df (LxBxH):80 x 120 x ca. 150 cm<\/p>\n<p>Palettengewicht:960kg netto<\/p>\n<\/div>\n<\/div>\n<div>\n<section aria-label=\"Produktdaten\">\n<div class=\"pdp-attribute-list__item\">Hersteller<\/p>\n<div class=\"pdp-attribute-list__value\" data-test-item_text=\"HOLZBRX\">\n<div>HOLZBRX<\/div>\n<\/div>\n<\/div>\n<div class=\"pdp-attribute-list__item\">Gewicht<\/p>\n<div class=\"pdp-attribute-list__value\" data-test-item_text=\"960 kg\">\n<div class=\"rd-attribute-list__item-text\">\n<div>960 kg<\/div>\n<\/div>\n<\/div>\n<\/div>\n<div class=\"pdp-attribute-list__item\">Brennholz-Art<\/p>\n<div class=\"pdp-attribute-list__value\" data-test-item_text=\"Briketts\">\n<div>Briketts<\/div>\n<\/div>\n<\/div>\n<div class=\"pdp-attribute-list__item\">EAN<\/p>\n<div class=\"pdp-attribute-list__value\" data-test-item_text=\"0724754239720\">\n<div class=\"rd-attribute-list__item-text\">\n<div>0724754239720<\/div>\n<\/div>\n<\/div>\n<div class=\"pdp-attribute-list__value\" data-test-item_text=\"724754239720\">\n<div class=\"rd-attribute-list__item-text\">\n<div>724754239720<\/div>\n<\/div>\n<\/div>\n<\/div>\n<div class=\"pdp-attribute-list__item\">Herstellernummer<\/p>\n<div class=\"pdp-attribute-list__value\" data-test-item_text=\"B003G\">\n<div class=\"rd-attribute-list__item-text\">\n<div>B003G<\/div>\n<\/div>\n<\/div>\n<\/div>\n<\/section>\n<\/div>","protected":false},"featured_media":21017,"comment_status":"open","ping_status":"closed","template":"","meta":[],"product_brand":[],"product_cat":[231],"product_tag":[],"class_list":{"0":"post-20987","1":"product","2":"type-product","3":"status-publish","4":"has-post-thumbnail","6":"product_cat-brennholz","8":"first","9":"instock","10":"taxable","11":"shipping-taxable","12":"purchasable","13":"product-type-simple"},"_links":{"self":[{"href":"https:\/\/brunboisdechauffage.at\/de\/wp-json\/wp\/v2\/product\/20987","targetHints":{"allow":["GET"]}}],"collection":[{"href":"https:\/\/brunboisdechauffage.at\/de\/wp-json\/wp\/v2\/product"}],"about":[{"href":"https:\/\/brunboisdechauffage.at\/de\/wp-json\/wp\/v2\/types\/product"}],"replies":[{"embeddable":true,"href":"https:\/\/brunboisdechauffage.at\/de\/wp-json\/wp\/v2\/comments?post=20987"}],"wp:featuredmedia":[{"embeddable":true,"href":"https:\/\/brunboisdechauffage.at\/de\/wp-json\/wp\/v2\/media\/21017"}],"wp:attachment":[{"href":"https:\/\/brunboisdechauffage.at\/de\/wp-json\/wp\/v2\/media?parent=20987"}],"wp:term":[{"taxonomy":"product_brand","embeddable":true,"href":"https:\/\/brunboisdechauffage.at\/de\/wp-json\/wp\/v2\/product_brand?post=20987"},{"taxonomy":"product_cat","embeddable":true,"href":"https:\/\/brunboisdechauffage.at\/de\/wp-json\/wp\/v2\/product_cat?post=20987"},{"taxonomy":"product_tag","embeddable":true,"href":"https:\/\/brunboisdechauffage.at\/de\/wp-json\/wp\/v2\/product_tag?post=20987"}],"curies":[{"name":"wp","href":"https:\/\/api.w.org\/{rel}","templated":true}]}}