{"id":21282,"date":"2026-01-31T16:17:40","date_gmt":"2026-01-31T16:17:40","guid":{"rendered":"https:\/\/brunboisdechauffage.at\/?page_id=21282"},"modified":"2026-02-01T21:09:15","modified_gmt":"2026-02-01T21:09:15","slug":"zahlungsarten","status":"publish","type":"page","link":"https:\/\/brunboisdechauffage.at\/de\/zahlungsarten\/","title":{"rendered":"Zahlungsarten"},"content":{"rendered":"<div data-elementor-type=\"wp-page\" data-elementor-id=\"21282\" class=\"elementor elementor-21282\">\n\t\t\t\t<div class=\"elementor-element elementor-element-1dac845 e-flex e-con-boxed e-con e-parent\" data-id=\"1dac845\" data-element_type=\"container\" data-e-type=\"container\">\n\t\t\t\t\t<div class=\"e-con-inner\">\n\t\t\t\t<div class=\"elementor-element elementor-element-a3033ef elementor-widget elementor-widget-html\" data-id=\"a3033ef\" data-element_type=\"widget\" data-e-type=\"widget\" data-widget_type=\"html.default\">\n\t\t\t\t\t<div class=\"woocommerce-terms-and-conditions-wrapper\">\r\n \r\n\r\n    <h2>Akzeptierte Zahlungsmethoden<\/h2>\r\n    \r\n    <ul>\r\n        <li><strong>Kreditkarte \/ Debitkarte<\/strong><br>\r\n        Sie k\u00f6nnen sicher mit VISA, MasterCard, American Express und g\u00e4ngigen Debitkarten bezahlen. Die Zahlung erfolgt verschl\u00fcsselt \u00fcber unser SSL-gesichertes Zahlungssystem. Die Buchung erfolgt erst bei Versand der Ware.<\/li>\r\n        \r\n        <li><strong>Bank\u00fcberweisung<\/strong><br>\r\n        \u00dcberweisen Sie bequem per Online-Banking auf unser Gesch\u00e4ftskonto. Nach Bestellung erhalten Sie unsere Bankverbindung per E-Mail mit Rechnungsnummer als Verwendungszweck. Lieferung erfolgt nach Geldeingang (ca. 1-3 Werktage).<\/li>\r\n    <\/ul>\r\n\r\n    <h2>Zahlungsprozess<\/h2>\r\n    <p>Alle Zahlungen werden SSL-verschl\u00fcsselt verarbeitet. Sie sehen die Zahlungsoptionen im Warenkorb und bei der Bestell\u00fcbersicht. Bei Vorkasse erhalten Sie alle notwendigen Daten per E-Mail.<\/p>\r\n\r\n    <h2>Kontaktinformationen<\/h2>\r\n    <p><strong>Brun Bois de Chauffage<\/strong><br>\r\n    Gewerbepark Linz Halle 5<br>\r\n    4030 Linz, \u00d6sterreich<br>\r\n    Telefon: <a href=\"tel:+4369915552578\">+43 699 155 52 578<\/a><br>\r\n    E-Mail: info@brunboisdechauffage.at\r\n<\/p>\r\n\r\n<\/div>\r\n\t\t\t\t<\/div>\n\t\t\t\t\t<\/div>\n\t\t\t\t<\/div>\n\t\t\t\t<\/div>","protected":false},"excerpt":{"rendered":"<p>Akzeptierte Zahlungsmethoden Kreditkarte \/ Debitkarte Sie k\u00f6nnen sicher mit VISA, MasterCard, American Express und g\u00e4ngigen Debitkarten bezahlen. Die Zahlung erfolgt verschl\u00fcsselt \u00fcber unser SSL-gesichertes Zahlungssystem. Die Buchung erfolgt erst bei Versand der Ware. Bank\u00fcberweisung \u00dcberweisen Sie bequem per Online-Banking auf unser Gesch\u00e4ftskonto. Nach Bestellung erhalten Sie unsere Bankverbindung per E-Mail mit Rechnungsnummer als Verwendungszweck. Lieferung [&hellip;]<\/p>","protected":false},"author":1,"featured_media":0,"parent":0,"menu_order":0,"comment_status":"closed","ping_status":"closed","template":"","meta":{"footnotes":""},"class_list":["post-21282","page","type-page","status-publish","hentry"],"_links":{"self":[{"href":"https:\/\/brunboisdechauffage.at\/de\/wp-json\/wp\/v2\/pages\/21282","targetHints":{"allow":["GET"]}}],"collection":[{"href":"https:\/\/brunboisdechauffage.at\/de\/wp-json\/wp\/v2\/pages"}],"about":[{"href":"https:\/\/brunboisdechauffage.at\/de\/wp-json\/wp\/v2\/types\/page"}],"author":[{"embeddable":true,"href":"https:\/\/brunboisdechauffage.at\/de\/wp-json\/wp\/v2\/users\/1"}],"replies":[{"embeddable":true,"href":"https:\/\/brunboisdechauffage.at\/de\/wp-json\/wp\/v2\/comments?post=21282"}],"version-history":[{"count":4,"href":"https:\/\/brunboisdechauffage.at\/de\/wp-json\/wp\/v2\/pages\/21282\/revisions"}],"predecessor-version":[{"id":21395,"href":"https:\/\/brunboisdechauffage.at\/de\/wp-json\/wp\/v2\/pages\/21282\/revisions\/21395"}],"wp:attachment":[{"href":"https:\/\/brunboisdechauffage.at\/de\/wp-json\/wp\/v2\/media?parent=21282"}],"curies":[{"name":"wp","href":"https:\/\/api.w.org\/{rel}","templated":true}]}}