{"id":21268,"date":"2026-01-31T16:15:58","date_gmt":"2026-01-31T16:15:58","guid":{"rendered":"https:\/\/brunboisdechauffage.at\/?page_id=21268"},"modified":"2026-02-01T21:33:47","modified_gmt":"2026-02-01T21:33:47","slug":"impressum","status":"publish","type":"page","link":"https:\/\/brunboisdechauffage.at\/de\/impressum\/","title":{"rendered":"Impressum"},"content":{"rendered":"<div data-elementor-type=\"wp-page\" data-elementor-id=\"21268\" class=\"elementor elementor-21268\">\n\t\t\t\t<div class=\"elementor-element elementor-element-2fa6f8f e-flex e-con-boxed e-con e-parent\" data-id=\"2fa6f8f\" data-element_type=\"container\" data-e-type=\"container\">\n\t\t\t\t\t<div class=\"e-con-inner\">\n\t\t\t\t<div class=\"elementor-element elementor-element-123ed11 elementor-widget elementor-widget-html\" data-id=\"123ed11\" data-element_type=\"widget\" data-e-type=\"widget\" data-widget_type=\"html.default\">\n\t\t\t\t\t<div class=\"entry-content\">\r\n    <h2>Angaben gem\u00e4\u00df \u00a7 5 TMG:<\/h2>\r\n    <p>Brun Bois de Chauffage<br>\r\n    Gewerbepark Linz Halle 5<br>\r\n    4030 Linz, \u00d6sterreich<\/p>\r\n    \r\n    <p><strong>Vertreten durch:<\/strong><br>\r\n    SAS (soci\u00e9t\u00e9 par actions simplifi\u00e9e)<\/p>\r\n    \r\n    <p><strong>Kontakt:<\/strong><br>\r\n    Telefon: +43 699 155 52 578<br>\r\n    E-Mail: <a href=\"mailto:info@brunboisdechauffage.at\">info@brunboisdechauffage.at<\/a><\/p>\r\n    \r\n    <p><strong>Handelsregister:<\/strong><br>\r\n    SIREN: 797 805 157<br>\r\n    SIRET: 797 805 157 00022<\/p>\r\n    \r\n    <p><strong>Umsatzsteuer-ID:<\/strong><br>\r\n    FR41797805157<\/p>\r\n    \r\n    <h2>EU-Streitschlichtung<\/h2>\r\n    <p>Die Europ\u00e4ische Kommission stellt eine Plattform zur Online-Streitbeilegung (OS) bereit: <a href=\"https:\/\/ec.europa.eu\/consumers\/odr\/\" target=\"_blank\" rel=\"noopener\">https:\/\/ec.europa.eu\/consumers\/odr\/<\/a>.<br>\r\n    Unsere E-Mail-Adresse finden Sie oben im Impressum.<\/p>\r\n    \r\n    <h2>Verbraucherinformation gem\u00e4\u00df Verbraucherrechte-Richtlinie<\/h2>\r\n    <p>Wir sind berechtigt, vor Gericht nur am Sitz unseres Unternehmens oder an einem f\u00fcr Sie n\u00e4her liegenden Gerichtsstand in \u00d6sterreich zu klagen.<\/p>\r\n    \r\n    <h2>Haftung f\u00fcr Inhalte<\/h2>\r\n    <p>Als Diensteanbieter sind wir gem\u00e4\u00df \u00a7 7 Abs.1 TMG f\u00fcr eigene Inhalte auf diesen Seiten nach den allgemeinen Gesetzen verantwortlich. Nach \u00a7\u00a7 8 bis 10 TMG sind wir als Diensteanbieter jedoch nicht verpflichtet, \u00fcbermittelte oder gespeicherte fremde Informationen zu \u00fcberwachen oder nach Umst\u00e4nden zu forschen, die auf eine rechtswidrige T\u00e4tigkeit hinweisen.<\/p>\r\n    \r\n    <p>Verpflichtungen zur Entfernung oder Sperrung der Nutzung von Informationen nach den allgemeinen Gesetzen bleiben hiervon unber\u00fchrt. Eine diesbez\u00fcgliche Haftung ist jedoch erst ab dem Zeitpunkt der Kenntnis einer konkreten Rechtsverletzung m\u00f6glich. Bei Bekanntwerden von entsprechenden Rechtsverletzungen werden wir diese Inhalte umgehend entfernen.<\/p>\r\n    \r\n    <h2>Haftung f\u00fcr Links<\/h2>\r\n    <p>Unser Angebot enth\u00e4lt Links zu externen Websites Dritter, auf deren Inhalte wir keinen Einfluss haben. Deshalb k\u00f6nnen wir f\u00fcr diese fremden Inhalte auch keine Gew\u00e4hr \u00fcbernehmen. F\u00fcr die Inhalte der verlinkten Seiten ist stets der jeweilige Anbieter oder Betreiber der Seiten verantwortlich. Die verlinkten Seiten wurden zum Zeitpunkt der Verlinkung auf m\u00f6gliche Rechtsverst\u00f6\u00dfe \u00fcberpr\u00fcft. Rechtswidrige Inhalte waren zum Zeitpunkt der Verlinkung nicht erkennbar.<\/p>\r\n    \r\n    <p>Eine permanente inhaltliche Kontrolle der verlinkten Seiten ist jedoch ohne konkrete Anhaltspunkte einer Rechtsverletzung nicht zumutbar. Bei Bekanntwerden von Rechtsverletzungen werden wir derartige Links umgehend entfernen.<\/p>\r\n    \r\n    <h2>Urheberrecht<\/h2>\r\n    <p>Die durch die Seitenbetreiber erstellten Inhalte und Werke auf diesen Seiten unterliegen dem deutschen Urheberrecht. Die Vervielf\u00e4ltigung, Bearbeitung, Verbreitung und jede Art der Verwertung au\u00dferhalb der Grenzen des Urheberrechtes bed\u00fcrfen der schriftlichen Zustimmung des jeweiligen Autors bzw. Erstellers. Downloads und Kopien dieser Seite sind nur f\u00fcr den privaten, nicht kommerziellen Gebrauch gestattet.<\/p>\r\n    \r\n    <p>Soweit die Inhalte auf dieser Seite nicht vom Betreiber erstellt wurden, werden die Urheberrechte Dritter beachtet. Insbesondere werden Inhalte Dritter als solche gekennzeichnet. Sollten Sie trotzdem auf eine Urheberrechtsverletzung aufmerksam werden, bitten wir um einen entsprechenden Hinweis. Bei Bekanntwerden von Rechtsverletzungen werden wir derartige Inhalte umgehend entfernen.<\/p>\r\n<\/div>\r\n\t\t\t\t<\/div>\n\t\t\t\t\t<\/div>\n\t\t\t\t<\/div>\n\t\t\t\t<\/div>","protected":false},"excerpt":{"rendered":"<p>Angaben gem\u00e4\u00df \u00a7 5 TMG: Brun Bois de Chauffage Gewerbepark Linz Halle 5 4030 Linz, \u00d6sterreich Vertreten durch: SAS (soci\u00e9t\u00e9 par actions simplifi\u00e9e) Kontakt: Telefon: +43 699 155 52 578 E-Mail: info@brunboisdechauffage.at Handelsregister: SIREN: 797 805 157 SIRET: 797 805 157 00022 Umsatzsteuer-ID: FR41797805157 EU-Streitschlichtung Die Europ\u00e4ische Kommission stellt eine Plattform zur Online-Streitbeilegung (OS) bereit: [&hellip;]<\/p>","protected":false},"author":1,"featured_media":0,"parent":0,"menu_order":0,"comment_status":"closed","ping_status":"closed","template":"","meta":{"footnotes":""},"class_list":["post-21268","page","type-page","status-publish","hentry"],"_links":{"self":[{"href":"https:\/\/brunboisdechauffage.at\/de\/wp-json\/wp\/v2\/pages\/21268","targetHints":{"allow":["GET"]}}],"collection":[{"href":"https:\/\/brunboisdechauffage.at\/de\/wp-json\/wp\/v2\/pages"}],"about":[{"href":"https:\/\/brunboisdechauffage.at\/de\/wp-json\/wp\/v2\/types\/page"}],"author":[{"embeddable":true,"href":"https:\/\/brunboisdechauffage.at\/de\/wp-json\/wp\/v2\/users\/1"}],"replies":[{"embeddable":true,"href":"https:\/\/brunboisdechauffage.at\/de\/wp-json\/wp\/v2\/comments?post=21268"}],"version-history":[{"count":4,"href":"https:\/\/brunboisdechauffage.at\/de\/wp-json\/wp\/v2\/pages\/21268\/revisions"}],"predecessor-version":[{"id":21421,"href":"https:\/\/brunboisdechauffage.at\/de\/wp-json\/wp\/v2\/pages\/21268\/revisions\/21421"}],"wp:attachment":[{"href":"https:\/\/brunboisdechauffage.at\/de\/wp-json\/wp\/v2\/media?parent=21268"}],"curies":[{"name":"wp","href":"https:\/\/api.w.org\/{rel}","templated":true}]}}