{"id":118,"date":"2022-04-13T03:26:16","date_gmt":"2022-04-13T03:26:16","guid":{"rendered":"https:\/\/demo3.drfuri.com\/motta\/?page_id=118"},"modified":"2026-02-01T21:21:05","modified_gmt":"2026-02-01T21:21:05","slug":"kontakt","status":"publish","type":"page","link":"https:\/\/brunboisdechauffage.at\/de\/kontakt\/","title":{"rendered":"Kontakt"},"content":{"rendered":"<div data-elementor-type=\"wp-page\" data-elementor-id=\"118\" class=\"elementor elementor-118\">\n\t\t\t\t\t\t<section class=\"elementor-section elementor-top-section elementor-element elementor-element-bfeded0 elementor-section-boxed elementor-section-height-default elementor-section-height-default motta-responsive-column motta-tablet-column--default motta-responsive-column motta-mobile-column--default\" data-id=\"bfeded0\" data-element_type=\"section\" data-e-type=\"section\">\n\t\t\t\t\t\t<div class=\"elementor-container elementor-column-gap-default\">\n\t\t\t\t\t<div class=\"elementor-column elementor-col-50 elementor-top-column elementor-element elementor-element-3dff61b8\" data-id=\"3dff61b8\" data-element_type=\"column\" data-e-type=\"column\">\n\t\t\t<div class=\"elementor-widget-wrap elementor-element-populated\">\n\t\t\t\t\t\t<div class=\"elementor-element elementor-element-6593b808 elementor-widget elementor-widget-motta-heading\" data-id=\"6593b808\" data-element_type=\"widget\" data-e-type=\"widget\" data-widget_type=\"motta-heading.default\">\n\t\t\t\t<div class=\"elementor-widget-container\">\n\t\t\t\t\t\t\t<div class=\"motta-heading-elementor motta-heading__button-on\">\n\t\t\t\t<p class=\"motta-heading motta-heading--default\">\n\t\t\t\t\tKontaktieren Sie uns\t\t\t\t<\/p>\n\t\t\t\t\t\t\t<\/div>\n\t\t\t\t\t\t<\/div>\n\t\t\t\t<\/div>\n\t\t\t\t<div class=\"elementor-element elementor-element-6cf90bdc elementor-widget elementor-widget-motta-heading\" data-id=\"6cf90bdc\" data-element_type=\"widget\" data-e-type=\"widget\" data-widget_type=\"motta-heading.default\">\n\t\t\t\t<div class=\"elementor-widget-container\">\n\t\t\t\t\t\t\t<div class=\"motta-heading-elementor motta-heading__button-on\">\n\t\t\t\t<p class=\"motta-heading motta-heading--default\">\n\t\t\t\t\tUnser freundliches Team steht Ihnen jederzeit f\u00fcr ein Gespr\u00e4ch zur Verf\u00fcgung.\t\t\t\t<\/p>\n\t\t\t\t\t\t\t<\/div>\n\t\t\t\t\t\t<\/div>\n\t\t\t\t<\/div>\n\t\t\t\t<section class=\"elementor-section elementor-inner-section elementor-element elementor-element-35cee9d3 elementor-section-boxed elementor-section-height-default elementor-section-height-default motta-responsive-column motta-tablet-column--default motta-responsive-column motta-mobile-column--default\" data-id=\"35cee9d3\" data-element_type=\"section\" data-e-type=\"section\">\n\t\t\t\t\t\t<div class=\"elementor-container elementor-column-gap-default\">\n\t\t\t\t\t<div class=\"elementor-column elementor-col-25 elementor-inner-column elementor-element elementor-element-12da5f52 elementor-hidden-mobile\" data-id=\"12da5f52\" data-element_type=\"column\" data-e-type=\"column\">\n\t\t\t<div class=\"elementor-widget-wrap\">\n\t\t\t\t\t\t\t<\/div>\n\t\t<\/div>\n\t\t\t\t<div class=\"elementor-column elementor-col-25 elementor-inner-column elementor-element elementor-element-8996a3d\" data-id=\"8996a3d\" data-element_type=\"column\" data-e-type=\"column\">\n\t\t\t<div class=\"elementor-widget-wrap elementor-element-populated\">\n\t\t\t\t\t\t<div class=\"elementor-element elementor-element-41d819b8 motta-tablet-icon-box__icon-position--top motta-mobile-icon-box__icon-position--top motta-icon-box__icon-alignment--center motta-icon-box__icon-position--top elementor-widget elementor-widget-motta-icon-box\" data-id=\"41d819b8\" data-element_type=\"widget\" data-e-type=\"widget\" data-widget_type=\"motta-icon-box.default\">\n\t\t\t\t<div class=\"elementor-widget-container\">\n\t\t\t\t\t\t\t<div class=\"motta-icon-box icon-type-icon\">\n\t\t\t\t\t\t\t<div class=\"motta-icon-box__icon\">\n\t\t\t\t\t<span class=\"motta-svg-icon\"><svg xmlns=\"http:\/\/www.w3.org\/2000\/svg\" width=\"32\" height=\"32\" viewbox=\"0 0 32 32\"><title>call-footer<\/title><path d=\"M26.707 31.36c-0.267 0-0.52-0.013-0.787-0.067-4.253-0.667-8.253-2.213-11.867-4.587-3.507-2.307-6.453-5.253-8.76-8.76-2.373-3.613-3.92-7.613-4.587-11.867-0.227-1.453 0.187-2.92 1.133-4.040 0.933-1.093 2.28-1.707 3.72-1.707h4.467c2.347 0 4.373 1.693 4.813 4.013 0.107 0.533 0.227 1.040 0.387 1.547 0.547 1.813 0.080 3.733-1.187 5.013-1.107 1.107-1.213 2.773-0.293 3.92 1.013 1.267 2.16 2.427 3.427 3.427 1.147 0.92 2.813 0.813 3.867-0.24 1.333-1.333 3.253-1.787 5.067-1.24 0.507 0.147 1.027 0.28 1.547 0.373v0c2.32 0.453 4.013 2.48 4.013 4.827v4.467c0 1.427-0.627 2.787-1.707 3.72-0.907 0.787-2.067 1.2-3.253 1.2zM5.547 2.333c-0.853 0-1.64 0.36-2.2 1.013-0.573 0.667-0.813 1.547-0.68 2.427 0.627 3.973 2.067 7.707 4.28 11.080 2.147 3.28 4.907 6.027 8.187 8.187 3.387 2.213 7.107 3.667 11.080 4.28 0.88 0.147 1.76-0.107 2.427-0.68 0.653-0.56 1.013-1.333 1.013-2.2v-4.467c0-1.387-1-2.587-2.387-2.853-0.573-0.107-1.16-0.253-1.747-0.427-1.107-0.333-2.267-0.067-3.027 0.693-1.827 1.827-4.64 2-6.587 0.44-1.387-1.107-2.64-2.36-3.747-3.747-1.533-1.947-1.373-4.76 0.4-6.533 0.813-0.813 1.080-1.973 0.747-3.080-0.173-0.56-0.32-1.147-0.427-1.747-0.267-1.387-1.467-2.387-2.853-2.387h-4.48z\"><\/path><path d=\"M31.667 12h-2c0-5.333-4.333-9.667-9.667-9.667v-2c6.44 0 11.667 5.24 11.667 11.667z\"><\/path><path d=\"M26.333 12h-2c0-2.387-1.947-4.333-4.333-4.333v-2c3.493 0 6.333 2.84 6.333 6.333z\"><\/path><\/svg><\/span>\t\t\t\t<\/div>\n\t\t\t\t\t\t<div class=\"motta-icon-box__wrapper\">\n\t\t\t\t\t\t\t\t\t<div class=\"motta-icon-box__title\">Kundendienst<\/div>\n\t\t\t\t\t\t\t\t\t\t\t\t\t\t\t\t\t\t\t<a class=\"motta-button motta-button-primary  motta-button--subtle  motta-button--color-black  motta-button--medium\" href=\"tel:+43%20699%20155%2052%20578\">\n\t\t\t\t\t\t\t\t\t\t\t\t<span class=\"motta-button__text\">+43 699 155 52 578<\/span>\n\t\t\t\t\t\t<\/a>\n\t\t\t\t\t\t\t\t\t<\/div>\n\t\t\t\t\t<\/div>\n\t\t\t\t\t\t<\/div>\n\t\t\t\t<\/div>\n\t\t\t\t<div class=\"elementor-element elementor-element-5092291c elementor-widget elementor-widget-motta-heading\" data-id=\"5092291c\" data-element_type=\"widget\" data-e-type=\"widget\" data-widget_type=\"motta-heading.default\">\n\t\t\t\t<div class=\"elementor-widget-container\">\n\t\t\t\t\t\t\t<div class=\"motta-heading-elementor motta-heading__button-on\">\n\t\t\t\t<h2 class=\"motta-heading motta-heading--default\">\n\t\t\t\t\tRufen Sie uns von 8:00 bis 17:00 Uhr.\t\t\t\t<\/h2>\n\t\t\t\t\t\t\t<\/div>\n\t\t\t\t\t\t<\/div>\n\t\t\t\t<\/div>\n\t\t\t\t\t<\/div>\n\t\t<\/div>\n\t\t\t\t<div class=\"elementor-column elementor-col-25 elementor-inner-column elementor-element elementor-element-23ac1199\" data-id=\"23ac1199\" data-element_type=\"column\" data-e-type=\"column\">\n\t\t\t<div class=\"elementor-widget-wrap elementor-element-populated\">\n\t\t\t\t\t\t<div class=\"elementor-element elementor-element-5abbfc2e motta-tablet-icon-box__icon-position--top motta-mobile-icon-box__icon-position--top motta-icon-box__icon-alignment--center motta-icon-box__icon-position--top elementor-widget elementor-widget-motta-icon-box\" data-id=\"5abbfc2e\" data-element_type=\"widget\" data-e-type=\"widget\" data-widget_type=\"motta-icon-box.default\">\n\t\t\t\t<div class=\"elementor-widget-container\">\n\t\t\t\t\t\t\t<div class=\"motta-icon-box icon-type-icon\">\n\t\t\t\t\t\t\t<div class=\"motta-icon-box__icon\">\n\t\t\t\t\t<span class=\"motta-svg-icon\"><svg xmlns=\"http:\/\/www.w3.org\/2000\/svg\" width=\"32\" height=\"32\" viewbox=\"0 0 32 32\"><title>chat<\/title><path d=\"M28.667 3.333v20h-5.333v4.4l-5.28-4.4h-14.72v-20h25.333zM29.333 1.333h-26.667c-0.733 0-1.333 0.6-1.333 1.333v21.333c0 0.733 0.6 1.333 1.333 1.333h14.667l8 6.667v-6.667h4c0.733 0 1.333-0.6 1.333-1.333v-21.333c0-0.733-0.6-1.333-1.333-1.333v0z\"><\/path><path d=\"M8 12.333h16v2h-16v-2z\"><\/path><\/svg><\/span>\t\t\t\t<\/div>\n\t\t\t\t\t\t<div class=\"motta-icon-box__wrapper\">\n\t\t\t\t\t\t\t\t\t<div class=\"motta-icon-box__title\">Chatten Sie hier mit uns!<\/div>\n\t\t\t\t\t\t\t\t\t\t\t\t\t\t\t\t\t\t\t<a class=\"motta-button motta-button-primary  motta-button--subtle  motta-button--color-black  motta-button--medium\" href=\"mailto:info@brunboisdechauffage.at\">\n\t\t\t\t\t\t\t\t\t\t\t\t<span class=\"motta-button__text\">Jetzt chatten<\/span>\n\t\t\t\t\t\t<\/a>\n\t\t\t\t\t\t\t\t\t<\/div>\n\t\t\t\t\t<\/div>\n\t\t\t\t\t\t<\/div>\n\t\t\t\t<\/div>\n\t\t\t\t<div class=\"elementor-element elementor-element-2acf7518 elementor-widget elementor-widget-motta-heading\" data-id=\"2acf7518\" data-element_type=\"widget\" data-e-type=\"widget\" data-widget_type=\"motta-heading.default\">\n\t\t\t\t<div class=\"elementor-widget-container\">\n\t\t\t\t\t\t\t<div class=\"motta-heading-elementor motta-heading__button-on\">\n\t\t\t\t<h2 class=\"motta-heading motta-heading--default\">\n\t\t\t\t\tRufen Sie uns von 8:00 bis 17:00 Uhr.\t\t\t\t<\/h2>\n\t\t\t\t\t\t\t<\/div>\n\t\t\t\t\t\t<\/div>\n\t\t\t\t<\/div>\n\t\t\t\t\t<\/div>\n\t\t<\/div>\n\t\t\t\t<div class=\"elementor-column elementor-col-25 elementor-inner-column elementor-element elementor-element-2b85a819 elementor-hidden-mobile\" data-id=\"2b85a819\" data-element_type=\"column\" data-e-type=\"column\">\n\t\t\t<div class=\"elementor-widget-wrap\">\n\t\t\t\t\t\t\t<\/div>\n\t\t<\/div>\n\t\t\t\t\t<\/div>\n\t\t<\/section>\n\t\t\t\t<div class=\"elementor-element elementor-element-7fda5a9f elementor-widget elementor-widget-motta-heading\" data-id=\"7fda5a9f\" data-element_type=\"widget\" data-e-type=\"widget\" data-widget_type=\"motta-heading.default\">\n\t\t\t\t<div class=\"elementor-widget-container\">\n\t\t\t\t\t\t\t<div class=\"motta-heading-elementor motta-heading__button-on\">\n\t\t\t\t<h4 class=\"motta-heading motta-heading--default\">\n\t\t\t\t\tKontaktinformationen\t\t\t\t<\/h4>\n\t\t\t\t\t\t\t<\/div>\n\t\t\t\t\t\t<\/div>\n\t\t\t\t<\/div>\n\t\t\t\t<div class=\"elementor-element elementor-element-4f7626eb elementor-widget elementor-widget-motta-heading\" data-id=\"4f7626eb\" data-element_type=\"widget\" data-e-type=\"widget\" data-widget_type=\"motta-heading.default\">\n\t\t\t\t<div class=\"elementor-widget-container\">\n\t\t\t\t\t\t\t<div class=\"motta-heading-elementor motta-heading__button-on\">\n\t\t\t\t<p class=\"motta-heading motta-heading--default\">\n\t\t\t\t\tGewerbepark Linz Halle 5 4030 Linz <br>\n<span style=\"font-weight: 500\">\u00d6sterreich<\/span>\t\t\t\t<\/p>\n\t\t\t\t\t\t\t<\/div>\n\t\t\t\t\t\t<\/div>\n\t\t\t\t<\/div>\n\t\t\t\t<section class=\"elementor-section elementor-inner-section elementor-element elementor-element-79b6070f elementor-section-boxed elementor-section-height-default elementor-section-height-default motta-responsive-column motta-tablet-column--default motta-responsive-column motta-mobile-column--default\" data-id=\"79b6070f\" data-element_type=\"section\" data-e-type=\"section\">\n\t\t\t\t\t\t<div class=\"elementor-container elementor-column-gap-default\">\n\t\t\t\t\t<div class=\"elementor-column elementor-col-25 elementor-inner-column elementor-element elementor-element-23c00e3b elementor-hidden-mobile\" data-id=\"23c00e3b\" data-element_type=\"column\" data-e-type=\"column\">\n\t\t\t<div class=\"elementor-widget-wrap\">\n\t\t\t\t\t\t\t<\/div>\n\t\t<\/div>\n\t\t\t\t<div class=\"elementor-column elementor-col-25 elementor-inner-column elementor-element elementor-element-119074d\" data-id=\"119074d\" data-element_type=\"column\" data-e-type=\"column\">\n\t\t\t<div class=\"elementor-widget-wrap elementor-element-populated\">\n\t\t\t\t\t\t<div class=\"elementor-element elementor-element-b9469c8 elementor-widget elementor-widget-motta-heading\" data-id=\"b9469c8\" data-element_type=\"widget\" data-e-type=\"widget\" data-widget_type=\"motta-heading.default\">\n\t\t\t\t<div class=\"elementor-widget-container\">\n\t\t\t\t\t\t\t<div class=\"motta-heading-elementor motta-heading__button-on\">\n\t\t\t\t<h6 class=\"motta-heading motta-heading--default\">\n\t\t\t\t\tPhone\t\t\t\t<\/h6>\n\t\t\t\t\t\t\t<\/div>\n\t\t\t\t\t\t<\/div>\n\t\t\t\t<\/div>\n\t\t\t\t<div class=\"elementor-element elementor-element-9d14e64 elementor-widget elementor-widget-motta-heading\" data-id=\"9d14e64\" data-element_type=\"widget\" data-e-type=\"widget\" data-widget_type=\"motta-heading.default\">\n\t\t\t\t<div class=\"elementor-widget-container\">\n\t\t\t\t\t\t\t<div class=\"motta-heading-elementor motta-heading__button-on\">\n\t\t\t\t<h2 class=\"motta-heading motta-heading--default\">\n\t\t\t\t\t+43 699 155 52 578<br>\n+43 699 155 52 578\t\t\t\t<\/h2>\n\t\t\t\t\t\t\t<\/div>\n\t\t\t\t\t\t<\/div>\n\t\t\t\t<\/div>\n\t\t\t\t\t<\/div>\n\t\t<\/div>\n\t\t\t\t<div class=\"elementor-column elementor-col-25 elementor-inner-column elementor-element elementor-element-43b2dca6\" data-id=\"43b2dca6\" data-element_type=\"column\" data-e-type=\"column\">\n\t\t\t<div class=\"elementor-widget-wrap elementor-element-populated\">\n\t\t\t\t\t\t<div class=\"elementor-element elementor-element-fc7d674 elementor-widget elementor-widget-motta-heading\" data-id=\"fc7d674\" data-element_type=\"widget\" data-e-type=\"widget\" data-widget_type=\"motta-heading.default\">\n\t\t\t\t<div class=\"elementor-widget-container\">\n\t\t\t\t\t\t\t<div class=\"motta-heading-elementor motta-heading__button-on\">\n\t\t\t\t<h6 class=\"motta-heading motta-heading--default\">\n\t\t\t\t\tEmail\t\t\t\t<\/h6>\n\t\t\t\t\t\t\t<\/div>\n\t\t\t\t\t\t<\/div>\n\t\t\t\t<\/div>\n\t\t\t\t<div class=\"elementor-element elementor-element-3cc940eb elementor-widget elementor-widget-motta-heading\" data-id=\"3cc940eb\" data-element_type=\"widget\" data-e-type=\"widget\" data-widget_type=\"motta-heading.default\">\n\t\t\t\t<div class=\"elementor-widget-container\">\n\t\t\t\t\t\t\t<div class=\"motta-heading-elementor motta-heading__button-on\">\n\t\t\t\t<h2 class=\"motta-heading motta-heading--default\">\n\t\t\t\t\t<a href=\"mailto:info@brunboisdechauffage.at\">info@brunboisdechauffage.at\n<\/a>\n\t\t\t\t<\/h2>\n\t\t\t\t\t\t\t<\/div>\n\t\t\t\t\t\t<\/div>\n\t\t\t\t<\/div>\n\t\t\t\t\t<\/div>\n\t\t<\/div>\n\t\t\t\t<div class=\"elementor-column elementor-col-25 elementor-inner-column elementor-element elementor-element-2d5b9199 elementor-hidden-mobile\" data-id=\"2d5b9199\" data-element_type=\"column\" data-e-type=\"column\">\n\t\t\t<div class=\"elementor-widget-wrap\">\n\t\t\t\t\t\t\t<\/div>\n\t\t<\/div>\n\t\t\t\t\t<\/div>\n\t\t<\/section>\n\t\t\t\t<div class=\"elementor-element elementor-element-4c471fcb elementor-widget elementor-widget-motta-social-icons\" data-id=\"4c471fcb\" data-element_type=\"widget\" data-e-type=\"widget\" data-widget_type=\"motta-social-icons.default\">\n\t\t\t\t<div class=\"elementor-widget-container\">\n\t\t\t\t\t\t\t<div class=\"motta-social-icons__wrapper\">\n\t\t\t\t\t\t\t<a class=\"motta-social-icons__item motta-social-icon-twitter motta-repeater-item-eccc928\" href=\"https:\/\/twitter.com\/motta.uix.store\" target=\"_blank\">\n\t\t\t\t\t\t\t\t\t\t\t<span class=\"motta-svg-icon\"><svg class=\"e-font-icon-svg e-fab-twitter\" viewbox=\"0 0 512 512\" xmlns=\"http:\/\/www.w3.org\/2000\/svg\"><path d=\"M459.37 151.716c.325 4.548.325 9.097.325 13.645 0 138.72-105.583 298.558-298.558 298.558-59.452 0-114.68-17.219-161.137-47.106 8.447.974 16.568 1.299 25.34 1.299 49.055 0 94.213-16.568 130.274-44.832-46.132-.975-84.792-31.188-98.112-72.772 6.498.974 12.995 1.624 19.818 1.624 9.421 0 18.843-1.3 27.614-3.573-48.081-9.747-84.143-51.98-84.143-102.985v-1.299c13.969 7.797 30.214 12.67 47.431 13.319-28.264-18.843-46.781-51.005-46.781-87.391 0-19.492 5.197-37.36 14.294-52.954 51.655 63.675 129.3 105.258 216.365 109.807-1.624-7.797-2.599-15.918-2.599-24.04 0-57.828 46.782-104.934 104.934-104.934 30.213 0 57.502 12.67 76.67 33.137 23.715-4.548 46.456-13.32 66.599-25.34-7.798 24.366-24.366 44.833-46.132 57.827 21.117-2.273 41.584-8.122 60.426-16.243-14.292 20.791-32.161 39.308-52.628 54.253z\"><\/path><\/svg><\/span>\t\t\t\t\t\t\t\t\t<\/a>\n\t\t\t\t\t\t\t<a class=\"motta-social-icons__item motta-social-icon-facebook-square motta-repeater-item-811caf9\" href=\"https:\/\/www.facebook.com\/motta.uix.store\" target=\"_blank\">\n\t\t\t\t\t\t\t\t\t\t\t<span class=\"motta-svg-icon\"><svg class=\"e-font-icon-svg e-fab-facebook-square\" viewbox=\"0 0 448 512\" xmlns=\"http:\/\/www.w3.org\/2000\/svg\"><path d=\"M400 32H48A48 48 0 0 0 0 80v352a48 48 0 0 0 48 48h137.25V327.69h-63V256h63v-54.64c0-62.15 37-96.48 93.67-96.48 27.14 0 55.52 4.84 55.52 4.84v61h-31.27c-30.81 0-40.42 19.12-40.42 38.73V256h68.78l-11 71.69h-57.78V480H400a48 48 0 0 0 48-48V80a48 48 0 0 0-48-48z\"><\/path><\/svg><\/span>\t\t\t\t\t\t\t\t\t<\/a>\n\t\t\t\t\t\t\t<a class=\"motta-social-icons__item motta-social-icon-instagram motta-repeater-item-0ad922e\" href=\"https:\/\/www.instagram.com\/motta.uix.store\" target=\"_blank\">\n\t\t\t\t\t\t\t\t\t\t\t<span class=\"motta-svg-icon\"><svg class=\"e-font-icon-svg e-fab-instagram\" viewbox=\"0 0 448 512\" xmlns=\"http:\/\/www.w3.org\/2000\/svg\"><path d=\"M224.1 141c-63.6 0-114.9 51.3-114.9 114.9s51.3 114.9 114.9 114.9S339 319.5 339 255.9 287.7 141 224.1 141zm0 189.6c-41.1 0-74.7-33.5-74.7-74.7s33.5-74.7 74.7-74.7 74.7 33.5 74.7 74.7-33.6 74.7-74.7 74.7zm146.4-194.3c0 14.9-12 26.8-26.8 26.8-14.9 0-26.8-12-26.8-26.8s12-26.8 26.8-26.8 26.8 12 26.8 26.8zm76.1 27.2c-1.7-35.9-9.9-67.7-36.2-93.9-26.2-26.2-58-34.4-93.9-36.2-37-2.1-147.9-2.1-184.9 0-35.8 1.7-67.6 9.9-93.9 36.1s-34.4 58-36.2 93.9c-2.1 37-2.1 147.9 0 184.9 1.7 35.9 9.9 67.7 36.2 93.9s58 34.4 93.9 36.2c37 2.1 147.9 2.1 184.9 0 35.9-1.7 67.7-9.9 93.9-36.2 26.2-26.2 34.4-58 36.2-93.9 2.1-37 2.1-147.8 0-184.8zM398.8 388c-7.8 19.6-22.9 34.7-42.6 42.6-29.5 11.7-99.5 9-132.1 9s-102.7 2.6-132.1-9c-19.6-7.8-34.7-22.9-42.6-42.6-11.7-29.5-9-99.5-9-132.1s-2.6-102.7 9-132.1c7.8-19.6 22.9-34.7 42.6-42.6 29.5-11.7 99.5-9 132.1-9s102.7-2.6 132.1 9c19.6 7.8 34.7 22.9 42.6 42.6 11.7 29.5 9 99.5 9 132.1s2.7 102.7-9 132.1z\"><\/path><\/svg><\/span>\t\t\t\t\t\t\t\t\t<\/a>\n\t\t\t\t\t\t\t<a class=\"motta-social-icons__item motta-social-icon-whatsapp motta-repeater-item-10525d1\" href=\"https:\/\/www.whatsapp.com\/motta.uix.store\" target=\"_blank\">\n\t\t\t\t\t\t\t\t\t\t\t<span class=\"motta-svg-icon\"><svg class=\"e-font-icon-svg e-fab-whatsapp\" viewbox=\"0 0 448 512\" xmlns=\"http:\/\/www.w3.org\/2000\/svg\"><path d=\"M380.9 97.1C339 55.1 283.2 32 223.9 32c-122.4 0-222 99.6-222 222 0 39.1 10.2 77.3 29.6 111L0 480l117.7-30.9c32.4 17.7 68.9 27 106.1 27h.1c122.3 0 224.1-99.6 224.1-222 0-59.3-25.2-115-67.1-157zm-157 341.6c-33.2 0-65.7-8.9-94-25.7l-6.7-4-69.8 18.3L72 359.2l-4.4-7c-18.5-29.4-28.2-63.3-28.2-98.2 0-101.7 82.8-184.5 184.6-184.5 49.3 0 95.6 19.2 130.4 54.1 34.8 34.9 56.2 81.2 56.1 130.5 0 101.8-84.9 184.6-186.6 184.6zm101.2-138.2c-5.5-2.8-32.8-16.2-37.9-18-5.1-1.9-8.8-2.8-12.5 2.8-3.7 5.6-14.3 18-17.6 21.8-3.2 3.7-6.5 4.2-12 1.4-32.6-16.3-54-29.1-75.5-66-5.7-9.8 5.7-9.1 16.3-30.3 1.8-3.7.9-6.9-.5-9.7-1.4-2.8-12.5-30.1-17.1-41.2-4.5-10.8-9.1-9.3-12.5-9.5-3.2-.2-6.9-.2-10.6-.2-3.7 0-9.7 1.4-14.8 6.9-5.1 5.6-19.4 19-19.4 46.3 0 27.3 19.9 53.7 22.6 57.4 2.8 3.7 39.1 59.7 94.8 83.8 35.2 15.2 49 16.5 66.6 13.9 10.7-1.6 32.8-13.4 37.4-26.4 4.6-13 4.6-24.1 3.2-26.4-1.3-2.5-5-3.9-10.5-6.6z\"><\/path><\/svg><\/span>\t\t\t\t\t\t\t\t\t<\/a>\n\t\t\t\t\t<\/div>\n\t\t\t\t\t\t<\/div>\n\t\t\t\t<\/div>\n\t\t\t\t\t<\/div>\n\t\t<\/div>\n\t\t\t\t<div class=\"elementor-column elementor-col-50 elementor-top-column elementor-element elementor-element-1ea7c6a9\" data-id=\"1ea7c6a9\" data-element_type=\"column\" data-e-type=\"column\" data-settings=\"{&quot;background_background&quot;:&quot;classic&quot;}\">\n\t\t\t<div class=\"elementor-widget-wrap elementor-element-populated\">\n\t\t\t\t\t\t<div class=\"elementor-element elementor-element-101a931b elementor-widget elementor-widget-motta-heading\" data-id=\"101a931b\" data-element_type=\"widget\" data-e-type=\"widget\" data-widget_type=\"motta-heading.default\">\n\t\t\t\t<div class=\"elementor-widget-container\">\n\t\t\t\t\t\t\t<div class=\"motta-heading-elementor motta-heading__button-on\">\n\t\t\t\t<h4 class=\"motta-heading motta-heading--default\">\n\t\t\t\t\tKontaktformular\t\t\t\t<\/h4>\n\t\t\t\t\t\t\t<\/div>\n\t\t\t\t\t\t<\/div>\n\t\t\t\t<\/div>\n\t\t\t\t<div class=\"elementor-element elementor-element-33e95c73 elementor-widget elementor-widget-motta-heading\" data-id=\"33e95c73\" data-element_type=\"widget\" data-e-type=\"widget\" data-widget_type=\"motta-heading.default\">\n\t\t\t\t<div class=\"elementor-widget-container\">\n\t\t\t\t\t\t\t<div class=\"motta-heading-elementor motta-heading__button-on\">\n\t\t\t\t<div class=\"motta-heading motta-heading--default\">\n\t\t\t\t\tWir freuen uns darauf, von Ihnen zu h\u00f6ren und<br> wird versuchen, innerhalb von drei Tagen zu antworten.\t\t\t\t<\/div>\n\t\t\t\t\t\t\t<\/div>\n\t\t\t\t\t\t<\/div>\n\t\t\t\t<\/div>\n\t\t\t\t<div class=\"elementor-element elementor-element-27963a1a motta-skin--base motta-shape--default elementor-widget elementor-widget-motta-contact-form\" data-id=\"27963a1a\" data-element_type=\"widget\" data-e-type=\"widget\" data-widget_type=\"motta-contact-form.default\">\n\t\t\t\t<div class=\"elementor-widget-container\">\n\t\t\t\t\t\t\t<div class=\"motta-contact-form motta-custom-button--skin\">\n\t\t\t\n<div class=\"wpcf7 no-js\" id=\"wpcf7-f20465-o1\" lang=\"en-US\" dir=\"ltr\" data-wpcf7-id=\"20465\">\n<div class=\"screen-reader-response\"><p role=\"status\" aria-live=\"polite\" aria-atomic=\"true\"><\/p> <ul><\/ul><\/div>\n<form action=\"\/de\/wp-json\/wp\/v2\/pages\/118#wpcf7-f20465-o1\" method=\"post\" class=\"wpcf7-form init\" aria-label=\"Contact form\" novalidate=\"novalidate\" data-status=\"init\" data-trp-original-action=\"\/de\/wp-json\/wp\/v2\/pages\/118#wpcf7-f20465-o1\">\n<fieldset class=\"hidden-fields-container\"><input type=\"hidden\" name=\"_wpcf7\" value=\"20465\" \/><input type=\"hidden\" name=\"_wpcf7_version\" value=\"6.1.5\" \/><input type=\"hidden\" name=\"_wpcf7_locale\" value=\"en_US\" \/><input type=\"hidden\" name=\"_wpcf7_unit_tag\" value=\"wpcf7-f20465-o1\" \/><input type=\"hidden\" name=\"_wpcf7_container_post\" value=\"0\" \/><input type=\"hidden\" name=\"_wpcf7_posted_data_hash\" value=\"\" \/>\n<\/fieldset>\n<div class=\"motta-col2\">\n\t<div class=\"col-1\">\n\t\t<p><label>Name<\/label><br \/>\n<span class=\"wpcf7-form-control-wrap\" data-name=\"your-name\"><input size=\"40\" maxlength=\"400\" class=\"wpcf7-form-control wpcf7-text wpcf7-validates-as-required\" aria-required=\"true\" aria-invalid=\"false\" placeholder=\"Wie hei\u00dfen Sie?\" value=\"\" type=\"text\" name=\"your-name\" \/><\/span>\n\t\t<\/p>\n\t<\/div>\n\t<div class=\"col-2\">\n\t\t<p><label>Email<\/label><br \/>\n<span class=\"wpcf7-form-control-wrap\" data-name=\"your-email\"><input size=\"40\" maxlength=\"400\" class=\"wpcf7-form-control wpcf7-email wpcf7-validates-as-required wpcf7-text wpcf7-validates-as-email\" aria-required=\"true\" aria-invalid=\"false\" placeholder=\"Wie lautet Ihre E-Mail-Adresse?\" value=\"\" type=\"email\" name=\"your-email\" \/><\/span>\n\t\t<\/p>\n\t<\/div>\n<\/div>\n<p><label>Thema<\/label><br \/>\n<span class=\"wpcf7-form-control-wrap\" data-name=\"your-subject\"><select class=\"wpcf7-form-control wpcf7-select wpcf7-validates-as-required\" aria-required=\"true\" aria-invalid=\"false\" name=\"your-subject\"><option value=\"W\u00e4hlen Sie ein Thema aus\">W\u00e4hlen Sie ein Thema aus<\/option><option value=\"Bestellung verfolgen\">Bestellung verfolgen<\/option><option value=\"Wie lange dauert die Lieferung?\">Wie lange dauert die Lieferung?<\/option><\/select><\/span>\n<\/p>\n<p><label>Nachricht<\/label><br \/>\n<span class=\"wpcf7-form-control-wrap\" data-name=\"your-message\"><textarea cols=\"5\" rows=\"5\" maxlength=\"2000\" class=\"wpcf7-form-control wpcf7-textarea\" aria-invalid=\"false\" placeholder=\"K\u00f6nnen Sie weitere Details nennen?\" name=\"your-message\"><\/textarea><\/span>\n<\/p>\n<p><span class=\"wpcf7-form-control-wrap\" data-name=\"checkbox-953\"><span class=\"wpcf7-form-control wpcf7-checkbox wpcf7-validates-as-required wpcf7-exclusive-checkbox\"><span class=\"wpcf7-list-item first last\"><label><input type=\"checkbox\" name=\"checkbox-953\" value=\"Sie stimmen unserer kundenfreundlichen Datenschutzrichtlinie zu.\" \/><span class=\"wpcf7-list-item-label\">Sie stimmen unserer kundenfreundlichen Datenschutzrichtlinie zu.<\/span><\/label><\/span><\/span><\/span>\n<\/p>\n<p><input class=\"wpcf7-form-control wpcf7-submit has-spinner\" type=\"submit\" value=\"Senden\" \/>\n<\/p><div class=\"wpcf7-response-output\" aria-hidden=\"true\"><\/div>\n<input type=\"hidden\" name=\"trp-form-language\" value=\"de\"\/><\/form>\n<\/div>\n\t\t<\/div>\n\t\t\t\t\t\t<\/div>\n\t\t\t\t<\/div>\n\t\t\t\t\t<\/div>\n\t\t<\/div>\n\t\t\t\t\t<\/div>\n\t\t<\/section>\n\t\t\t\t<\/div>","protected":false},"excerpt":{"rendered":"<p>Kontaktieren Sie uns Unser freundliches Team steht Ihnen jederzeit f\u00fcr ein Gespr\u00e4ch zur Verf\u00fcgung. call-footer Kundendienst +43 699 155 52 578 Rufen Sie uns von 8:00 bis 17:00 Uhr. chat Chatten Sie hier mit uns! Jetzt chatten Rufen Sie uns von 8:00 bis 17:00 Uhr. Kontaktinformationen Gewerbepark Linz Halle 5 4030 Linz \u00d6sterreich Phone +43 [&hellip;]<\/p>","protected":false},"author":1,"featured_media":0,"parent":0,"menu_order":0,"comment_status":"closed","ping_status":"closed","template":"","meta":{"footnotes":""},"class_list":["post-118","page","type-page","status-publish","hentry"],"_links":{"self":[{"href":"https:\/\/brunboisdechauffage.at\/de\/wp-json\/wp\/v2\/pages\/118","targetHints":{"allow":["GET"]}}],"collection":[{"href":"https:\/\/brunboisdechauffage.at\/de\/wp-json\/wp\/v2\/pages"}],"about":[{"href":"https:\/\/brunboisdechauffage.at\/de\/wp-json\/wp\/v2\/types\/page"}],"author":[{"embeddable":true,"href":"https:\/\/brunboisdechauffage.at\/de\/wp-json\/wp\/v2\/users\/1"}],"replies":[{"embeddable":true,"href":"https:\/\/brunboisdechauffage.at\/de\/wp-json\/wp\/v2\/comments?post=118"}],"version-history":[{"count":10,"href":"https:\/\/brunboisdechauffage.at\/de\/wp-json\/wp\/v2\/pages\/118\/revisions"}],"predecessor-version":[{"id":21409,"href":"https:\/\/brunboisdechauffage.at\/de\/wp-json\/wp\/v2\/pages\/118\/revisions\/21409"}],"wp:attachment":[{"href":"https:\/\/brunboisdechauffage.at\/de\/wp-json\/wp\/v2\/media?parent=118"}],"curies":[{"name":"wp","href":"https:\/\/api.w.org\/{rel}","templated":true}]}}